{"id":1061,"date":"2025-04-01T09:45:30","date_gmt":"2025-04-01T09:45:30","guid":{"rendered":"https:\/\/jinghai-packingmachine.com\/?page_id=1061"},"modified":"2026-03-28T22:05:16","modified_gmt":"2026-03-28T14:05:16","slug":"industries","status":"publish","type":"page","link":"https:\/\/jinghai-packingmachine.com\/es\/industries\/","title":{"rendered":"Industrias"},"content":{"rendered":"<div data-elementor-type=\"wp-page\" data-elementor-id=\"1061\" class=\"elementor elementor-1061\" data-elementor-post-type=\"page\">\n\t\t\t\t<div class=\"wd-negative-gap elementor-element elementor-element-7db1429 e-flex e-con-boxed e-con e-parent\" data-id=\"7db1429\" data-element_type=\"container\" data-e-type=\"container\">\n\t\t\t\t\t<div class=\"e-con-inner\">\n\t\t\t\t<div class=\"elementor-element elementor-element-319b0bf wd-width-100 elementor-invisible elementor-widget elementor-widget-wd_title\" data-id=\"319b0bf\" data-element_type=\"widget\" data-e-type=\"widget\" data-settings=\"{&quot;_animation&quot;:&quot;fadeInUp&quot;}\" data-widget_type=\"wd_title.default\">\n\t\t\t\t<div class=\"elementor-widget-container\">\n\t\t\t\t\t\t\t<div class=\"title-wrapper wd-set-mb reset-last-child wd-title-color-default wd-title-style-default wd-title-size-default text-left\">\n\n\t\t\t\n\t\t\t<div class=\"liner-continer\">\n\t\t\t\t<h1 class=\"woodmart-title-container title wd-fontsize-l\"> Soluciones de embalaje JingHai para su industria<\/h1> \n\t\t\t\t\t\t\t<\/div>\n\n\t\t\t\t\t\t\t<div class=\"title-after_title reset-last-child wd-fontsize-xs\">\n\t\t\t\t\t<p>\u00a0JingHai ofrece soluciones de envasado que superan los desaf\u00edos de pr\u00e1cticamente cualquier industria. Ya sea que su producto sea polvoriento, pegajoso, pesado o h\u00famedo, contamos con una m\u00e1quina de envasado que se adapta a sus necesidades.<\/p><p>El empaquetado es fundamental para el \u00e9xito de sus productos. Nuestros talentosos expertos le ayudan a optimizar su inversi\u00f3n trabajando con usted para convertir su mayor desaf\u00edo de empaquetado en una soluci\u00f3n eficiente de ensacado automatizado. Nuestro enfoque innovador nos permite evaluar r\u00e1pidamente su situaci\u00f3n y ofrecerle m\u00e1quinas que satisfagan las necesidades de llenado, sellado y eficiencia de su industria.<\/p><p>Gracias a su experiencia con los diferentes mercados y productos de los clientes, la empresa es capaz de dise\u00f1ar soluciones a medida en t\u00e9rminos de plataformas de m\u00e1quinas y equipos de dosificaci\u00f3n.<\/p><p>\u00a0JingHai se centra principalmente en la construcci\u00f3n de maquinaria para el envasado primario. Tambi\u00e9n ofrece servicios de envasado secundario o incluso l\u00edneas de envasado completas en colaboraci\u00f3n con proveedores externos.<\/p>\t\t\t\t<\/div>\n\t\t\t\t\t<\/div>\n\t\t\t\t\t\t<\/div>\n\t\t\t\t<\/div>\n\t\t\t\t\t<\/div>\n\t\t\t\t<\/div>\n\t\t<div class=\"wd-negative-gap elementor-element elementor-element-89ba65c e-grid e-con-boxed e-con e-parent\" data-id=\"89ba65c\" data-element_type=\"container\" data-e-type=\"container\">\n\t\t\t\t\t<div class=\"e-con-inner\">\n\t\t\t\t<div class=\"elementor-element elementor-element-13aa5ff elementor-widget elementor-widget-wd_infobox\" data-id=\"13aa5ff\" data-element_type=\"widget\" data-e-type=\"widget\" data-widget_type=\"wd_infobox.default\">\n\t\t\t\t<div class=\"elementor-widget-container\">\n\t\t\t\t\t\t\t<div class=\"info-box-wrapper\">\n\t\t\t<div class=\"wd-info-box text-center box-icon-align-top box-style-base color-scheme-\">\n\t\t\t\t\t\t\t\t\t<div class=\"box-icon-wrapper  box-with-icon box-icon-simple\">\n\t\t\t\t\t\t<div class=\"info-box-icon\">\n\t\t\t\t\t\t\t\t\t\t\t\t\t\t\t<img loading=\"lazy\" decoding=\"async\" width=\"70\" height=\"70\" src=\"https:\/\/jinghai-packingmachine.com\/wp-content\/uploads\/2025\/04\/cafe-150x150.png-70x70.webp\" class=\"attachment-70x70 size-70x70\" alt=\"Soluciones de envasado por industria, envasado de alimentos\" srcset=\"https:\/\/jinghai-packingmachine.com\/wp-content\/uploads\/2025\/04\/cafe-150x150.png-70x70.webp 70w, https:\/\/jinghai-packingmachine.com\/wp-content\/uploads\/2025\/04\/cafe-150x150.png-100x100.webp 100w, https:\/\/jinghai-packingmachine.com\/wp-content\/uploads\/2025\/04\/cafe-150x150.png.webp 150w\" sizes=\"auto, (max-width: 70px) 100vw, 70px\" \/>\t\t\t\t\t\t\t\t\t\t\t\t\t<\/div>\n\t\t\t\t\t<\/div>\n\t\t\t\t\n\t\t\t\t<div class=\"info-box-content\">\n\t\t\t\t\t\n\t\t\t\t\t\t\t\t\t\t\t<h4\t\t\t\t\t\tclass=\"info-box-title title box-title-style-default wd-fontsize-m\" data-elementor-setting-key=\"title\">\n\t\t\t\t\t\t\t\tCaf\u00e9\t\t\t\t\t\t<\/h4>\n\t\t\t\t\t\n\t\t\t\t\t<div class=\"info-box-inner reset-last-child\"data-elementor-setting-key=\"content\"><p>Ver industria<\/p>\n<\/div>\n\n\t\t\t\t\t\t\t\t\t<\/div>\n\n\t\t\t\t\t\t\t\t\t<a href=\"https:\/\/jinghai-packingmachine.com\/es\/coffee-tea\/\" class=\"wd-info-box-link wd-fill\" aria-label=\"Enlace del cuadro de informaci\u00f3n\"><\/a>\n\t\t\t\t\t\t\t<\/div>\n\t\t<\/div>\n\t\t\t\t\t\t<\/div>\n\t\t\t\t<\/div>\n\t\t\t\t<div class=\"elementor-element elementor-element-1a91b59 elementor-widget elementor-widget-wd_infobox\" data-id=\"1a91b59\" data-element_type=\"widget\" data-e-type=\"widget\" data-widget_type=\"wd_infobox.default\">\n\t\t\t\t<div class=\"elementor-widget-container\">\n\t\t\t\t\t\t\t<div class=\"info-box-wrapper\">\n\t\t\t<div class=\"wd-info-box text-center box-icon-align-top box-style-base color-scheme-\">\n\t\t\t\t\t\t\t\t\t<div class=\"box-icon-wrapper  box-with-icon box-icon-simple\">\n\t\t\t\t\t\t<div class=\"info-box-icon\">\n\t\t\t\t\t\t\t\t\t\t\t\t\t\t\t<img loading=\"lazy\" decoding=\"async\" width=\"70\" height=\"70\" src=\"https:\/\/jinghai-packingmachine.com\/wp-content\/uploads\/2025\/04\/Health-Nutrition-150x150.png-70x70.webp\" class=\"attachment-70x70 size-70x70\" alt=\"Soluciones de envasado por industria, envasado de alimentos\" srcset=\"https:\/\/jinghai-packingmachine.com\/wp-content\/uploads\/2025\/04\/Health-Nutrition-150x150.png-70x70.webp 70w, https:\/\/jinghai-packingmachine.com\/wp-content\/uploads\/2025\/04\/Health-Nutrition-150x150.png-100x100.webp 100w, https:\/\/jinghai-packingmachine.com\/wp-content\/uploads\/2025\/04\/Health-Nutrition-150x150.png.webp 150w\" sizes=\"auto, (max-width: 70px) 100vw, 70px\" \/>\t\t\t\t\t\t\t\t\t\t\t\t\t<\/div>\n\t\t\t\t\t<\/div>\n\t\t\t\t\n\t\t\t\t<div class=\"info-box-content\">\n\t\t\t\t\t\n\t\t\t\t\t\t\t\t\t\t\t<h4\t\t\t\t\t\tclass=\"info-box-title title box-title-style-default wd-fontsize-m\" data-elementor-setting-key=\"title\">\n\t\t\t\t\t\t\t\tSalud y nutrici\u00f3n\t\t\t\t\t\t<\/h4>\n\t\t\t\t\t\n\t\t\t\t\t<div class=\"info-box-inner reset-last-child\"data-elementor-setting-key=\"content\"><p>Ver industria<\/p>\n<\/div>\n\n\t\t\t\t\t\t\t\t\t<\/div>\n\n\t\t\t\t\t\t\t\t\t<a href=\"https:\/\/jinghai-packingmachine.com\/es\/health-nutritional\/\" class=\"wd-info-box-link wd-fill\" aria-label=\"Enlace del cuadro de informaci\u00f3n\"><\/a>\n\t\t\t\t\t\t\t<\/div>\n\t\t<\/div>\n\t\t\t\t\t\t<\/div>\n\t\t\t\t<\/div>\n\t\t\t\t<div class=\"elementor-element elementor-element-b4ca7ac elementor-widget elementor-widget-wd_infobox\" data-id=\"b4ca7ac\" data-element_type=\"widget\" data-e-type=\"widget\" data-widget_type=\"wd_infobox.default\">\n\t\t\t\t<div class=\"elementor-widget-container\">\n\t\t\t\t\t\t\t<div class=\"info-box-wrapper\">\n\t\t\t<div class=\"wd-info-box text-center box-icon-align-top box-style-base color-scheme-\">\n\t\t\t\t\t\t\t\t\t<div class=\"box-icon-wrapper  box-with-icon box-icon-simple\">\n\t\t\t\t\t\t<div class=\"info-box-icon\">\n\t\t\t\t\t\t\t\t\t\t\t\t\t\t\t<img loading=\"lazy\" decoding=\"async\" width=\"70\" height=\"70\" src=\"https:\/\/jinghai-packingmachine.com\/wp-content\/uploads\/2025\/04\/Nuts-Snacks-150x150.png-70x70.webp\" class=\"attachment-70x70 size-70x70\" alt=\"Soluciones de envasado por industria, envasado de alimentos\" srcset=\"https:\/\/jinghai-packingmachine.com\/wp-content\/uploads\/2025\/04\/Nuts-Snacks-150x150.png-70x70.webp 70w, https:\/\/jinghai-packingmachine.com\/wp-content\/uploads\/2025\/04\/Nuts-Snacks-150x150.png-100x100.webp 100w, https:\/\/jinghai-packingmachine.com\/wp-content\/uploads\/2025\/04\/Nuts-Snacks-150x150.png.webp 150w\" sizes=\"auto, (max-width: 70px) 100vw, 70px\" \/>\t\t\t\t\t\t\t\t\t\t\t\t\t<\/div>\n\t\t\t\t\t<\/div>\n\t\t\t\t\n\t\t\t\t<div class=\"info-box-content\">\n\t\t\t\t\t\n\t\t\t\t\t\t\t\t\t\t\t<h4\t\t\t\t\t\tclass=\"info-box-title title box-title-style-default wd-fontsize-m\" data-elementor-setting-key=\"title\">\n\t\t\t\t\t\t\t\tFrutos secos y snacks\t\t\t\t\t\t<\/h4>\n\t\t\t\t\t\n\t\t\t\t\t<div class=\"info-box-inner reset-last-child\"data-elementor-setting-key=\"content\"><p>Ver industria<\/p>\n<\/div>\n\n\t\t\t\t\t\t\t\t\t<\/div>\n\n\t\t\t\t\t\t\t\t\t<a href=\"https:\/\/jinghai-packingmachine.com\/es\/nuts-snacks\/\" class=\"wd-info-box-link wd-fill\" aria-label=\"Enlace del cuadro de informaci\u00f3n\"><\/a>\n\t\t\t\t\t\t\t<\/div>\n\t\t<\/div>\n\t\t\t\t\t\t<\/div>\n\t\t\t\t<\/div>\n\t\t\t\t<div class=\"elementor-element elementor-element-abab8a2 elementor-widget elementor-widget-wd_infobox\" data-id=\"abab8a2\" data-element_type=\"widget\" data-e-type=\"widget\" data-widget_type=\"wd_infobox.default\">\n\t\t\t\t<div class=\"elementor-widget-container\">\n\t\t\t\t\t\t\t<div class=\"info-box-wrapper\">\n\t\t\t<div class=\"wd-info-box text-center box-icon-align-top box-style-base color-scheme-\">\n\t\t\t\t\t\t\t\t\t<div class=\"box-icon-wrapper  box-with-icon box-icon-simple\">\n\t\t\t\t\t\t<div class=\"info-box-icon\">\n\t\t\t\t\t\t\t\t\t\t\t\t\t\t\t<img loading=\"lazy\" decoding=\"async\" width=\"70\" height=\"70\" src=\"https:\/\/jinghai-packingmachine.com\/wp-content\/uploads\/2025\/04\/frozen-food-1-150x150.png-70x70.webp\" class=\"attachment-70x70 size-70x70\" alt=\"Soluciones de envasado por industria, envasado de alimentos\" srcset=\"https:\/\/jinghai-packingmachine.com\/wp-content\/uploads\/2025\/04\/frozen-food-1-150x150.png-70x70.webp 70w, https:\/\/jinghai-packingmachine.com\/wp-content\/uploads\/2025\/04\/frozen-food-1-150x150.png-100x100.webp 100w, https:\/\/jinghai-packingmachine.com\/wp-content\/uploads\/2025\/04\/frozen-food-1-150x150.png.webp 150w\" sizes=\"auto, (max-width: 70px) 100vw, 70px\" \/>\t\t\t\t\t\t\t\t\t\t\t\t\t<\/div>\n\t\t\t\t\t<\/div>\n\t\t\t\t\n\t\t\t\t<div class=\"info-box-content\">\n\t\t\t\t\t\n\t\t\t\t\t\t\t\t\t\t\t<h4\t\t\t\t\t\tclass=\"info-box-title title box-title-style-default wd-fontsize-m\" data-elementor-setting-key=\"title\">\n\t\t\t\t\t\t\t\tAlimentos congelados\t\t\t\t\t\t<\/h4>\n\t\t\t\t\t\n\t\t\t\t\t<div class=\"info-box-inner reset-last-child\"data-elementor-setting-key=\"content\"><p>Ver industria<\/p>\n<\/div>\n\n\t\t\t\t\t\t\t\t\t<\/div>\n\n\t\t\t\t\t\t\t\t\t<a href=\"https:\/\/jinghai-packingmachine.com\/es\/frozen-food\/\" class=\"wd-info-box-link wd-fill\" aria-label=\"Enlace del cuadro de informaci\u00f3n\"><\/a>\n\t\t\t\t\t\t\t<\/div>\n\t\t<\/div>\n\t\t\t\t\t\t<\/div>\n\t\t\t\t<\/div>\n\t\t\t\t<div class=\"elementor-element elementor-element-4d8a173 elementor-widget elementor-widget-wd_infobox\" data-id=\"4d8a173\" data-element_type=\"widget\" data-e-type=\"widget\" data-widget_type=\"wd_infobox.default\">\n\t\t\t\t<div class=\"elementor-widget-container\">\n\t\t\t\t\t\t\t<div class=\"info-box-wrapper\">\n\t\t\t<div class=\"wd-info-box text-center box-icon-align-top box-style-base color-scheme-\">\n\t\t\t\t\t\t\t\t\t<div class=\"box-icon-wrapper  box-with-icon box-icon-simple\">\n\t\t\t\t\t\t<div class=\"info-box-icon\">\n\t\t\t\t\t\t\t\t\t\t\t\t\t\t\t<img loading=\"lazy\" decoding=\"async\" width=\"70\" height=\"70\" src=\"https:\/\/jinghai-packingmachine.com\/wp-content\/uploads\/2025\/04\/Petfood-150x150.png-70x70.webp\" class=\"attachment-70x70 size-70x70\" alt=\"Soluciones de envasado por industria, envasado de alimentos\" srcset=\"https:\/\/jinghai-packingmachine.com\/wp-content\/uploads\/2025\/04\/Petfood-150x150.png-70x70.webp 70w, https:\/\/jinghai-packingmachine.com\/wp-content\/uploads\/2025\/04\/Petfood-150x150.png-100x100.webp 100w, https:\/\/jinghai-packingmachine.com\/wp-content\/uploads\/2025\/04\/Petfood-150x150.png.webp 150w\" sizes=\"auto, (max-width: 70px) 100vw, 70px\" \/>\t\t\t\t\t\t\t\t\t\t\t\t\t<\/div>\n\t\t\t\t\t<\/div>\n\t\t\t\t\n\t\t\t\t<div class=\"info-box-content\">\n\t\t\t\t\t\n\t\t\t\t\t\t\t\t\t\t\t<h4\t\t\t\t\t\tclass=\"info-box-title title box-title-style-default wd-fontsize-m\" data-elementor-setting-key=\"title\">\n\t\t\t\t\t\t\t\tAlimentos para mascotas\t\t\t\t\t\t<\/h4>\n\t\t\t\t\t\n\t\t\t\t\t<div class=\"info-box-inner reset-last-child\"data-elementor-setting-key=\"content\"><p>Ver industria<\/p>\n<\/div>\n\n\t\t\t\t\t\t\t\t\t<\/div>\n\n\t\t\t\t\t\t\t\t\t<a href=\"https:\/\/jinghai-packingmachine.com\/es\/pet-foods\/\" class=\"wd-info-box-link wd-fill\" aria-label=\"Enlace del cuadro de informaci\u00f3n\"><\/a>\n\t\t\t\t\t\t\t<\/div>\n\t\t<\/div>\n\t\t\t\t\t\t<\/div>\n\t\t\t\t<\/div>\n\t\t\t\t<div class=\"elementor-element elementor-element-3b3d7ef elementor-widget elementor-widget-wd_infobox\" data-id=\"3b3d7ef\" data-element_type=\"widget\" data-e-type=\"widget\" data-widget_type=\"wd_infobox.default\">\n\t\t\t\t<div class=\"elementor-widget-container\">\n\t\t\t\t\t\t\t<div class=\"info-box-wrapper\">\n\t\t\t<div class=\"wd-info-box text-center box-icon-align-top box-style-base color-scheme-\">\n\t\t\t\t\t\t\t\t\t<div class=\"box-icon-wrapper  box-with-icon box-icon-simple\">\n\t\t\t\t\t\t<div class=\"info-box-icon\">\n\t\t\t\t\t\t\t\t\t\t\t\t\t\t\t<img loading=\"lazy\" decoding=\"async\" width=\"70\" height=\"70\" src=\"https:\/\/jinghai-packingmachine.com\/wp-content\/uploads\/2025\/04\/Pasta-150x150.png-70x70.webp\" class=\"attachment-70x70 size-70x70\" alt=\"Soluciones de envasado por industria, envasado de alimentos\" srcset=\"https:\/\/jinghai-packingmachine.com\/wp-content\/uploads\/2025\/04\/Pasta-150x150.png-70x70.webp 70w, https:\/\/jinghai-packingmachine.com\/wp-content\/uploads\/2025\/04\/Pasta-150x150.png-100x100.webp 100w, https:\/\/jinghai-packingmachine.com\/wp-content\/uploads\/2025\/04\/Pasta-150x150.png.webp 150w\" sizes=\"auto, (max-width: 70px) 100vw, 70px\" \/>\t\t\t\t\t\t\t\t\t\t\t\t\t<\/div>\n\t\t\t\t\t<\/div>\n\t\t\t\t\n\t\t\t\t<div class=\"info-box-content\">\n\t\t\t\t\t\n\t\t\t\t\t\t\t\t\t\t\t<h4\t\t\t\t\t\tclass=\"info-box-title title box-title-style-default wd-fontsize-m\" data-elementor-setting-key=\"title\">\n\t\t\t\t\t\t\t\tPasta y arroz\t\t\t\t\t\t<\/h4>\n\t\t\t\t\t\n\t\t\t\t\t<div class=\"info-box-inner reset-last-child\"data-elementor-setting-key=\"content\"><p>Ver industria<\/p>\n<\/div>\n\n\t\t\t\t\t\t\t\t\t<\/div>\n\n\t\t\t\t\t\t\t\t\t<a href=\"https:\/\/jinghai-packingmachine.com\/es\/pastabeans-and-rice\/\" class=\"wd-info-box-link wd-fill\" aria-label=\"Enlace del cuadro de informaci\u00f3n\"><\/a>\n\t\t\t\t\t\t\t<\/div>\n\t\t<\/div>\n\t\t\t\t\t\t<\/div>\n\t\t\t\t<\/div>\n\t\t\t\t\t<\/div>\n\t\t\t\t<\/div>\n\t\t\t\t<\/div>","protected":false},"excerpt":{"rendered":"<p>JingHai Packaging Solutions for Your Industry \u00a0JingHai offers packaging solutions that can overcome the challenges of nearly any industry. Whether<\/p>","protected":false},"author":2,"featured_media":0,"parent":0,"menu_order":0,"comment_status":"closed","ping_status":"closed","template":"","meta":{"_seopress_robots_primary_cat":"","_seopress_titles_title":"Industries We Serve | Packaging Solutions by Industry | JH Pack %%sep%% %%sitetitle%%","_seopress_titles_desc":"JH Pack provides customized packaging solutions for various industries including food, beverage, pharmaceutical, chemical, and daily necessities packaging.","_seopress_robots_index":"","footnotes":""},"class_list":["post-1061","page","type-page","status-publish","hentry"],"_links":{"self":[{"href":"https:\/\/jinghai-packingmachine.com\/es\/wp-json\/wp\/v2\/pages\/1061","targetHints":{"allow":["GET"]}}],"collection":[{"href":"https:\/\/jinghai-packingmachine.com\/es\/wp-json\/wp\/v2\/pages"}],"about":[{"href":"https:\/\/jinghai-packingmachine.com\/es\/wp-json\/wp\/v2\/types\/page"}],"author":[{"embeddable":true,"href":"https:\/\/jinghai-packingmachine.com\/es\/wp-json\/wp\/v2\/users\/2"}],"replies":[{"embeddable":true,"href":"https:\/\/jinghai-packingmachine.com\/es\/wp-json\/wp\/v2\/comments?post=1061"}],"version-history":[{"count":23,"href":"https:\/\/jinghai-packingmachine.com\/es\/wp-json\/wp\/v2\/pages\/1061\/revisions"}],"predecessor-version":[{"id":2085,"href":"https:\/\/jinghai-packingmachine.com\/es\/wp-json\/wp\/v2\/pages\/1061\/revisions\/2085"}],"wp:attachment":[{"href":"https:\/\/jinghai-packingmachine.com\/es\/wp-json\/wp\/v2\/media?parent=1061"}],"curies":[{"name":"wp","href":"https:\/\/api.w.org\/{rel}","templated":true}]}}