{"id":668,"date":"2025-03-24T06:57:53","date_gmt":"2025-03-24T06:57:53","guid":{"rendered":"https:\/\/jinghai-packingmachine.com\/?post_type=product&#038;p=668"},"modified":"2026-03-29T21:31:13","modified_gmt":"2026-03-29T13:31:13","slug":"multilane-stickpack-packaging-machine-back-side-seal-round-corner","status":"publish","type":"product","link":"https:\/\/jinghai-packingmachine.com\/es\/product\/multilane-stickpack-packaging-machine-back-side-seal-round-corner\/","title":{"rendered":"M\u00e1quina envasadora de gr\u00e1nulos Stickpack de m\u00faltiples carriles (sellado en la parte posterior y esquinas redondeadas)"},"content":{"rendered":"<h2>M\u00e1quina de envasado de gr\u00e1nulos en paquetes tipo stickpack de m\u00faltiples carriles<\/h2>\n<p>Esta m\u00e1quina es adecuada para la producci\u00f3n en masa y el envasado de medicamentos, productos sanitarios, alimentos, etc. <strong>estado granular<\/strong>, tales como: gr\u00e1nulos de medicina tradicional china, caf\u00e9, az\u00facar, pastillas peque\u00f1as\u2026etc.<\/p>\n<h2>Caracter\u00edsticas<\/h2>\n<p style=\"text-align: left;\">Nuestra m\u00e1quina de envasado en barra multil\u00ednea de gr\u00e1nulos con control servo completo, desarrollada con tecnolog\u00eda europea y dise\u00f1ada por nuestro ingeniero s\u00e9nior con m\u00e1s de 10 a\u00f1os de experiencia, incorpora automatizaci\u00f3n avanzada y una pantalla t\u00e1ctil de interfaz hombre-m\u00e1quina intuitiva. Sus caracter\u00edsticas principales incluyen:<\/p>\n<ul>\n<li>Control integrado con correcci\u00f3n y posicionamiento autom\u00e1ticos de la pel\u00edcula.<\/li>\n<li>Opciones para la limpieza con gas y diversos estilos de corte (recto, zigzag, redondo, con sello de diamante).<\/li>\n<li>Sistemas de codificaci\u00f3n integrados (l\u00e1ser, inyecci\u00f3n de tinta, transferencia t\u00e9rmica)<\/li>\n<li>Dosificadores volum\u00e9tricos multicanal, de tornillo sin fin servoaccionados o de l\u00edquidos servoaccionados.<\/li>\n<li>Piezas de f\u00e1cil cambio y carro de almacenamiento de acero inoxidable<\/li>\n<li>Caracter\u00edsticas f\u00e1ciles de usar, como muescas para rasgar, microperforaciones y ranuras l\u00e1ser.<\/li>\n<li>Ajuste autom\u00e1tico de la longitud del paquete de varillas y rampas de descarga individuales.<\/li>\n<li>Detecci\u00f3n y rechazo de varillas vac\u00edas para una mayor eficiencia.<\/li>\n<li>Boquillas de succi\u00f3n de polvo, eliminaci\u00f3n de est\u00e1tica y recorte de bordes de pel\u00edcula.<\/li>\n<li>Construcci\u00f3n duradera de acero inoxidable<\/li>\n<li>Compatibilidad con unidades rob\u00f3ticas de recogida y colocaci\u00f3n y soluciones de encartonado autom\u00e1tico, incluyendo cintas transportadoras de entrada y salida.<\/li>\n<\/ul>\n<h2>Par\u00e1metros t\u00e9cnicos<\/h2>\n<ol>\n<li>Ancho m\u00e1ximo del rollo de pel\u00edcula: 700 mm<\/li>\n<li>Carriles verticales disponibles: 4-18 carriles<\/li>\n<li>Rangos de ancho de la bolsa: 16-100 mm<\/li>\n<li>Longitud de la bolsa: 30-180 mm<\/li>\n<li>Velocidad de la m\u00e1quina: 30-60 bolsas por carril por minuto<\/li>\n<li>Material de embalaje: El espesor de la pel\u00edcula compuesta de aluminio y pl\u00e1stico, la pel\u00edcula chapada en aluminio, la pel\u00edcula compuesta de papel y pl\u00e1stico, y la pel\u00edcula compuesta de pl\u00e1stico con capa interior termofusible es mayor o igual a 70 micras.<\/li>\n<li>Peso aproximado: 1230-2200 kg<\/li>\n<\/ol>\n<h2>Opciones de estilo de palo disponibles<\/h2>\n<p><img alt=\"Envasado de gr\u00e1nulos en stickpack, m\u00e1quina de envasado multil\u00ednea, envasadora con sellado posterior\" loading=\"lazy\" decoding=\"async\" class=\"alignnone size-full wp-image-769\" src=\"https:\/\/jinghai-packingmachine.com\/wp-content\/uploads\/2025\/03\/stick-designs-for-packing.png\" width=\"616\" height=\"296\" srcset=\"https:\/\/jinghai-packingmachine.com\/wp-content\/uploads\/2025\/03\/stick-designs-for-packing.png 616w, https:\/\/jinghai-packingmachine.com\/wp-content\/uploads\/2025\/03\/stick-designs-for-packing-300x144.png 300w, https:\/\/jinghai-packingmachine.com\/wp-content\/uploads\/2025\/03\/stick-designs-for-packing-600x288.png 600w, https:\/\/jinghai-packingmachine.com\/wp-content\/uploads\/2025\/03\/stick-designs-for-packing-150x72.png 150w\" sizes=\"auto, (max-width: 616px) 100vw, 616px\" \/><\/p>\n<h2>Recordatorio amable<\/h2>\n<p>Por favor, proporci\u00f3nenos la siguiente informaci\u00f3n al enviar su consulta. Con base en su mensaje, le sugeriremos la mejor soluci\u00f3n. Gracias.<\/p>\n<ol>\n<li>Dimensiones de la bolsa<\/li>\n<li>Peso por bolsa<\/li>\n<li>Su producto<\/li>\n<li>Forma de la bolsa<\/li>\n<li>Material de pel\u00edcula<\/li>\n<\/ol>","protected":false},"excerpt":{"rendered":"<p>Multilane Stickpack Granule Packaging Machine This machine is suitable for the mass production and packaging of medicine, health care products,<\/p>","protected":false},"featured_media":773,"template":"","meta":{"_seopress_robots_primary_cat":"","_seopress_titles_title":"Multilane Stickpack Granule Packaging Machine | JH Pack %%sep%% %%sitetitle%%","_seopress_titles_desc":"Multilane stickpack granule packaging machine with back side seal.","_seopress_robots_index":""},"product_brand":[],"product_cat":[18,24,39,19,27],"product_tag":[61,62,63,64,65,66,56,57,59,60],"class_list":{"0":"post-668","1":"product","2":"type-product","3":"status-publish","4":"has-post-thumbnail","6":"product_cat-high-speed-vertical-packing-machine","7":"product_cat-granule-packing-machine","8":"product_cat-granule-packing-machine-options-accessories","9":"product_cat-multilane-stick-packing-machines","10":"product_cat-granule-packing-machine-multilane-stick-packing-machines","11":"product_tag-servo-control","12":"product_tag-european-technology","13":"product_tag-high-efficiency","14":"product_tag-custom-packaging","15":"product_tag-advanced-automation","16":"product_tag-coding-system","17":"product_tag-multilane-packaging","18":"product_tag-automated-packaging","19":"product_tag-granule-packaging","20":"product_tag-stickpack-machine","22":"first","23":"instock","24":"shipping-taxable","25":"product-type-simple"},"_links":{"self":[{"href":"https:\/\/jinghai-packingmachine.com\/es\/wp-json\/wp\/v2\/product\/668","targetHints":{"allow":["GET"]}}],"collection":[{"href":"https:\/\/jinghai-packingmachine.com\/es\/wp-json\/wp\/v2\/product"}],"about":[{"href":"https:\/\/jinghai-packingmachine.com\/es\/wp-json\/wp\/v2\/types\/product"}],"version-history":[{"count":1,"href":"https:\/\/jinghai-packingmachine.com\/es\/wp-json\/wp\/v2\/product\/668\/revisions"}],"predecessor-version":[{"id":2103,"href":"https:\/\/jinghai-packingmachine.com\/es\/wp-json\/wp\/v2\/product\/668\/revisions\/2103"}],"wp:featuredmedia":[{"embeddable":true,"href":"https:\/\/jinghai-packingmachine.com\/es\/wp-json\/wp\/v2\/media\/773"}],"wp:attachment":[{"href":"https:\/\/jinghai-packingmachine.com\/es\/wp-json\/wp\/v2\/media?parent=668"}],"wp:term":[{"taxonomy":"product_brand","embeddable":true,"href":"https:\/\/jinghai-packingmachine.com\/es\/wp-json\/wp\/v2\/product_brand?post=668"},{"taxonomy":"product_cat","embeddable":true,"href":"https:\/\/jinghai-packingmachine.com\/es\/wp-json\/wp\/v2\/product_cat?post=668"},{"taxonomy":"product_tag","embeddable":true,"href":"https:\/\/jinghai-packingmachine.com\/es\/wp-json\/wp\/v2\/product_tag?post=668"}],"curies":[{"name":"wp","href":"https:\/\/api.w.org\/{rel}","templated":true}]}}