{"id":833,"date":"2025-03-24T08:46:58","date_gmt":"2025-03-24T08:46:58","guid":{"rendered":"https:\/\/jinghai-packingmachine.com\/?post_type=product&#038;p=833"},"modified":"2026-03-29T21:32:02","modified_gmt":"2026-03-29T13:32:02","slug":"multilane-automatic-packaging-machine-for-four-sided-seal-2","status":"publish","type":"product","link":"https:\/\/jinghai-packingmachine.com\/es\/product\/multilane-automatic-packaging-machine-for-four-sided-seal-2\/","title":{"rendered":"M\u00e1quina envasadora autom\u00e1tica multicarril para sellado por los cuatro lados"},"content":{"rendered":"<h2>M\u00e1quina envasadora autom\u00e1tica multicarril para sellado por los cuatro lados<\/h2>\n<p>Esta m\u00e1quina es ideal para la producci\u00f3n en masa y el envasado de medicamentos, productos para la salud, alimentos, etc. Con diferentes sistemas de dosificaci\u00f3n, es adecuada para productos l\u00edquidos y en pasta, en polvo y granulados, como gr\u00e1nulos para refrigeraci\u00f3n, desecantes, semillas, az\u00facar blanca, salsas para sazonar, bebidas en sobres individuales, etc.<\/p>\n<h2>Caracter\u00edsticas<\/h2>\n<p style=\"text-align: left;\">Nuestra m\u00e1quina de envasado autom\u00e1tico multil\u00ednea totalmente servoaccionada para sellado por cuatro lados, que se basa en tecnolog\u00eda europea y ha sido dise\u00f1ada por nuestro ingeniero s\u00e9nior con m\u00e1s de 10 a\u00f1os de experiencia, incorpora automatizaci\u00f3n avanzada y una pantalla t\u00e1ctil de interfaz hombre-m\u00e1quina intuitiva con sistema de codificaci\u00f3n integrado. Sus caracter\u00edsticas principales incluyen:<\/p>\n<ul>\n<li>Huella compacta<\/li>\n<li>Compensador de pel\u00edcula integrado<\/li>\n<li>cuchillas de corte vertical ajustables<\/li>\n<li>Panel de pantalla t\u00e1ctil f\u00e1cil de usar<\/li>\n<li>Fabricaci\u00f3n y montaje de precisi\u00f3n<\/li>\n<li>Cumplimiento de las normas de seguridad el\u00e9ctrica CSA y UL.<\/li>\n<li>Mecanismo de tracci\u00f3n de pel\u00edcula controlado por servomotor<\/li>\n<li>Tornillos helicoidales servocontrolados independientes<\/li>\n<li>Mecanismo de sellado horizontal neum\u00e1tico<\/li>\n<li>Construcci\u00f3n duradera de acero inoxidable y aluminio anodizado.<\/li>\n<li>Interfaz hombre-m\u00e1quina (HMI) con pantalla t\u00e1ctil a color de 10 pulgadas.<\/li>\n<li>Control de movimiento con engranajes electr\u00f3nicos<\/li>\n<li>Servomotores s\u00edncronos<\/li>\n<li>Sensor motorizado de marca ocular para un posicionamiento preciso.<\/li>\n<\/ul>\n<h2>Par\u00e1metros t\u00e9cnicos<\/h2>\n<ol>\n<li>Ancho m\u00e1ximo del rollo de pel\u00edcula: 700 mm<\/li>\n<li>Carriles verticales disponibles: 4-12 carriles<\/li>\n<li>Rango de peso: 2-100 gramos<\/li>\n<li>Rangos de ancho de la bolsa: 16-100 mm<\/li>\n<li>Longitud de la bolsa: 30-180 mm<\/li>\n<li>Velocidad de la m\u00e1quina: 30-60 bolsas por carril por minuto<\/li>\n<li>Material de embalaje: El espesor de la pel\u00edcula compuesta de aluminio y pl\u00e1stico, la pel\u00edcula chapada en aluminio, la pel\u00edcula compuesta de papel y pl\u00e1stico, y la pel\u00edcula compuesta de pl\u00e1stico con capa interior termofusible es mayor o igual a 70 micras.<\/li>\n<\/ol>\n<h2>Opciones de estilo de palo disponibles<\/h2>\n<p><img alt=\"M\u00e1quina selladora de cuatro lados, envasado multil\u00ednea, sellado autom\u00e1tico\" loading=\"lazy\" decoding=\"async\" class=\"alignnone size-full wp-image-838\" src=\"https:\/\/jinghai-packingmachine.com\/wp-content\/uploads\/2025\/03\/4sided-6.jpg\" width=\"278\" height=\"300\" srcset=\"https:\/\/jinghai-packingmachine.com\/wp-content\/uploads\/2025\/03\/4sided-6.jpg 278w, https:\/\/jinghai-packingmachine.com\/wp-content\/uploads\/2025\/03\/4sided-6-150x162.jpg 150w\" sizes=\"auto, (max-width: 278px) 100vw, 278px\" \/><\/p>\n<h2>Recordatorio amable<\/h2>\n<p>Por favor, proporci\u00f3nenos la siguiente informaci\u00f3n al enviar su consulta. Con base en su mensaje, le sugeriremos la mejor soluci\u00f3n. Gracias.<\/p>\n<ol>\n<li>Dimensiones de la bolsa<\/li>\n<li>Peso por bolsa<\/li>\n<li>Su producto<\/li>\n<li>Forma de la bolsa<\/li>\n<li>Material de pel\u00edcula<\/li>\n<\/ol>","protected":false},"excerpt":{"rendered":"<p>Multilane Automatic Packaging Machine for Four-Sided Seal This machine is suitable for mass production and packaging of medicine, health products,<\/p>","protected":false},"featured_media":839,"template":"","meta":{"_seopress_robots_primary_cat":"","_seopress_titles_title":"Multilane Four Sided Seal Packaging Machine | JH Pack %%sep%% %%sitetitle%%","_seopress_titles_desc":"Multilane automatic packaging machine for four sided seal bags.","_seopress_robots_index":""},"product_brand":[],"product_cat":[18,24,29,19,25,27,26,28],"product_tag":[61,62,70,75,76,77,78,56],"class_list":{"0":"post-833","1":"product","2":"type-product","3":"status-publish","4":"has-post-thumbnail","6":"product_cat-high-speed-vertical-packing-machine","7":"product_cat-granule-packing-machine","8":"product_cat-powder-packing-machine-multilane-stick-packing-machines","9":"product_cat-multilane-stick-packing-machines","10":"product_cat-liquid-packing-machine","11":"product_cat-granule-packing-machine-multilane-stick-packing-machines","12":"product_cat-powder-packing-machine","13":"product_cat-liquid-packing-machine-multilane-stick-packing-machines","14":"product_tag-servo-control","15":"product_tag-european-technology","16":"product_tag-four-sided-seal","17":"product_tag-industrial-automation","18":"product_tag-automatic-packaging","19":"product_tag-touch-screen-interface","20":"product_tag-precision-engineering","21":"product_tag-multilane-packaging","23":"first","24":"instock","25":"shipping-taxable","26":"product-type-simple"},"_links":{"self":[{"href":"https:\/\/jinghai-packingmachine.com\/es\/wp-json\/wp\/v2\/product\/833","targetHints":{"allow":["GET"]}}],"collection":[{"href":"https:\/\/jinghai-packingmachine.com\/es\/wp-json\/wp\/v2\/product"}],"about":[{"href":"https:\/\/jinghai-packingmachine.com\/es\/wp-json\/wp\/v2\/types\/product"}],"version-history":[{"count":1,"href":"https:\/\/jinghai-packingmachine.com\/es\/wp-json\/wp\/v2\/product\/833\/revisions"}],"predecessor-version":[{"id":840,"href":"https:\/\/jinghai-packingmachine.com\/es\/wp-json\/wp\/v2\/product\/833\/revisions\/840"}],"wp:featuredmedia":[{"embeddable":true,"href":"https:\/\/jinghai-packingmachine.com\/es\/wp-json\/wp\/v2\/media\/839"}],"wp:attachment":[{"href":"https:\/\/jinghai-packingmachine.com\/es\/wp-json\/wp\/v2\/media?parent=833"}],"wp:term":[{"taxonomy":"product_brand","embeddable":true,"href":"https:\/\/jinghai-packingmachine.com\/es\/wp-json\/wp\/v2\/product_brand?post=833"},{"taxonomy":"product_cat","embeddable":true,"href":"https:\/\/jinghai-packingmachine.com\/es\/wp-json\/wp\/v2\/product_cat?post=833"},{"taxonomy":"product_tag","embeddable":true,"href":"https:\/\/jinghai-packingmachine.com\/es\/wp-json\/wp\/v2\/product_tag?post=833"}],"curies":[{"name":"wp","href":"https:\/\/api.w.org\/{rel}","templated":true}]}}