{"id":852,"date":"2025-03-25T05:10:43","date_gmt":"2025-03-25T05:10:43","guid":{"rendered":"https:\/\/jinghai-packingmachine.com\/?post_type=product&#038;p=852"},"modified":"2026-03-29T22:10:03","modified_gmt":"2026-03-29T14:10:03","slug":"single-line-stick-sachet-packaging-machine-trail-mix-packing-machine","status":"publish","type":"product","link":"https:\/\/jinghai-packingmachine.com\/es\/product\/single-line-stick-sachet-packaging-machine-trail-mix-packing-machine\/","title":{"rendered":"M\u00e1quina autom\u00e1tica para envasar sobres en forma de palito de varios carriles con sistema de caja y cart\u00f3n"},"content":{"rendered":"<h2>L\u00ednea de envasado de sobres de caf\u00e9 instant\u00e1neo 3 en 1<\/h2>\n<p>Ofrecemos una soluci\u00f3n de envasado completa para sobres de caf\u00e9 3 en 1, con un sistema integrado de embalaje en cajas y cartones. Nuestra l\u00ednea de envasado incluye:<\/p>\n<ul>\n<li><strong>M\u00e1quina de envasado de paquetes tipo stick<\/strong>: Capaz de envasar entre 30 y 50 sobres de caf\u00e9 instant\u00e1neo por minuto.<\/li>\n<li><strong>Sistema de conteo<\/strong>: Garantiza un conteo preciso de los palitos terminados.<\/li>\n<li><strong>M\u00e1quina de encartonado<\/strong>: Deposita los palitos contados en cajas de cart\u00f3n.<\/li>\n<li><strong>Sistema de embalaje de cajas<\/strong>: Clasifica y sella las cajas terminadas.<\/li>\n<\/ul>\n<h2>Caracter\u00edsticas principales<\/h2>\n<ul>\n<li><strong>Aplicaci\u00f3n vers\u00e1til<\/strong>: Adecuado para la producci\u00f3n y el envasado a gran escala de diversos productos en polvo, entre los que se incluyen:\n<ul>\n<li>Crema de caf\u00e9<\/li>\n<li>Leche en polvo<\/li>\n<li>Suplementos nutricionales<\/li>\n<li>Harina<\/li>\n<li>Productos qu\u00edmicos en polvo<\/li>\n<\/ul>\n<\/li>\n<li><strong>Sistemas de dosificaci\u00f3n flexibles<\/strong>: Capaz de envasar productos granulados y en polvo, as\u00ed como l\u00edquidos y productos pastosos.<\/li>\n<li><strong>Operaci\u00f3n eficiente<\/strong>Todo el sistema requiere un solo operario, lo que reduce significativamente los costes laborales.<\/li>\n<\/ul>\n<h2>Par\u00e1metros t\u00e9cnicos<\/h2>\n<ol>\n<li>TIPO: hay diferentes modelos disponibles<\/li>\n<li>\u00a0Longitud de la bolsa: 180 mm (L)<\/li>\n<li>Rango de ancho de la bolsa: 16-45 mm (Ancho)<\/li>\n<li>Ancho m\u00e1ximo del rollo de pel\u00edcula: 400-1000 mm<\/li>\n<li>Material de embalaje: OPP\/CPP, OPP\/PE, PET\/PE<\/li>\n<li>Velocidad de embalaje: 30-50 ciclos\/min<\/li>\n<li>Consumo de aire: 0,65 mpa<\/li>\n<li>Consumo de gas: 0,1 metros c\u00fabicos por minuto<\/li>\n<li>Voltaje de alimentaci\u00f3n: 220 V<\/li>\n<li>Rango de peso de la m\u00e1quina: 1230-2200 kg<\/li>\n<\/ol>\n<h2>Opciones de estilo de palo disponibles<\/h2>\n<p><img alt=\"M\u00e1quina de envasado de sobres individuales, envasado de caf\u00e9 instant\u00e1neo, envasado en l\u00ednea \u00fanica\" loading=\"lazy\" decoding=\"async\" class=\"alignnone wp-image-872\" src=\"https:\/\/jinghai-packingmachine.com\/wp-content\/uploads\/2025\/03\/3-1-3.jpg\" width=\"497\" height=\"172\" srcset=\"https:\/\/jinghai-packingmachine.com\/wp-content\/uploads\/2025\/03\/3-1-3.jpg 607w, https:\/\/jinghai-packingmachine.com\/wp-content\/uploads\/2025\/03\/3-1-3-300x104.jpg 300w, https:\/\/jinghai-packingmachine.com\/wp-content\/uploads\/2025\/03\/3-1-3-600x208.jpg 600w, https:\/\/jinghai-packingmachine.com\/wp-content\/uploads\/2025\/03\/3-1-3-150x52.jpg 150w\" sizes=\"auto, (max-width: 497px) 100vw, 497px\" \/> <img alt=\"M\u00e1quina de envasado de sobres individuales, envasado de caf\u00e9 instant\u00e1neo, envasado en l\u00ednea \u00fanica\" loading=\"lazy\" decoding=\"async\" class=\"alignnone wp-image-874\" src=\"https:\/\/jinghai-packingmachine.com\/wp-content\/uploads\/2025\/03\/3-1.jpg\" width=\"902\" height=\"202\" srcset=\"https:\/\/jinghai-packingmachine.com\/wp-content\/uploads\/2025\/03\/3-1.jpg 1089w, https:\/\/jinghai-packingmachine.com\/wp-content\/uploads\/2025\/03\/3-1-300x67.jpg 300w, https:\/\/jinghai-packingmachine.com\/wp-content\/uploads\/2025\/03\/3-1-1024x229.jpg 1024w, https:\/\/jinghai-packingmachine.com\/wp-content\/uploads\/2025\/03\/3-1-768x172.jpg 768w, https:\/\/jinghai-packingmachine.com\/wp-content\/uploads\/2025\/03\/3-1-600x134.jpg 600w, https:\/\/jinghai-packingmachine.com\/wp-content\/uploads\/2025\/03\/3-1-150x34.jpg 150w\" sizes=\"auto, (max-width: 902px) 100vw, 902px\" \/><\/p>\n<h2>Recordatorio amable<\/h2>\n<p>Jingrui ofrece la oportunidad de dise\u00f1ar en colaboraci\u00f3n sistemas de envasado en sobres individuales a medida para satisfacer las necesidades espec\u00edficas de cada cliente. Por favor, facil\u00edtenos la siguiente informaci\u00f3n al enviar su consulta. En funci\u00f3n de su mensaje, le sugeriremos la soluci\u00f3n \u00f3ptima. Gracias.<\/p>\n<ol>\n<li>Dimensiones de la bolsa<\/li>\n<li>Peso por bolsa<\/li>\n<li>Su producto<\/li>\n<li>Forma de la bolsa<\/li>\n<li>Material de pel\u00edcula<\/li>\n<\/ol>\n<p>&nbsp;<\/p>","protected":false},"excerpt":{"rendered":"<p>3-in-1 Instant Coffee Stick Packaging Line We offer a complete packaging solution for 3-in-1 coffee sticks, featuring an integrated cartoning<\/p>","protected":false},"featured_media":873,"template":"","meta":{"_seopress_robots_primary_cat":"","_seopress_titles_title":"Single Line Stick Sachet Packaging Machine | JH Pack %%sep%% %%sitetitle%%","_seopress_titles_desc":"3-in-1 instant coffee stick packaging line with complete packaging solution.","_seopress_robots_index":""},"product_brand":[],"product_cat":[18,24,25,26],"product_tag":[98,99,100,101,102,103,57,67,95,96,97],"class_list":{"0":"post-852","1":"product","2":"type-product","3":"status-publish","4":"has-post-thumbnail","6":"product_cat-high-speed-vertical-packing-machine","7":"product_cat-granule-packing-machine","8":"product_cat-liquid-packing-machine","9":"product_cat-powder-packing-machine","10":"product_tag-case-packaging","11":"product_tag-beverage-packaging","12":"product_tag-high-production","13":"product_tag-efficient-packaging","14":"product_tag-coffee-packaging","15":"product_tag-jinghaipackaging","16":"product_tag-automated-packaging","17":"product_tag-powder-packaging","18":"product_tag-instant-coffee-packaging","19":"product_tag-stick-pack-machine","20":"product_tag-cartoning-system","22":"first","23":"instock","24":"shipping-taxable","25":"product-type-simple"},"_links":{"self":[{"href":"https:\/\/jinghai-packingmachine.com\/es\/wp-json\/wp\/v2\/product\/852","targetHints":{"allow":["GET"]}}],"collection":[{"href":"https:\/\/jinghai-packingmachine.com\/es\/wp-json\/wp\/v2\/product"}],"about":[{"href":"https:\/\/jinghai-packingmachine.com\/es\/wp-json\/wp\/v2\/types\/product"}],"version-history":[{"count":5,"href":"https:\/\/jinghai-packingmachine.com\/es\/wp-json\/wp\/v2\/product\/852\/revisions"}],"predecessor-version":[{"id":879,"href":"https:\/\/jinghai-packingmachine.com\/es\/wp-json\/wp\/v2\/product\/852\/revisions\/879"}],"wp:featuredmedia":[{"embeddable":true,"href":"https:\/\/jinghai-packingmachine.com\/es\/wp-json\/wp\/v2\/media\/873"}],"wp:attachment":[{"href":"https:\/\/jinghai-packingmachine.com\/es\/wp-json\/wp\/v2\/media?parent=852"}],"wp:term":[{"taxonomy":"product_brand","embeddable":true,"href":"https:\/\/jinghai-packingmachine.com\/es\/wp-json\/wp\/v2\/product_brand?post=852"},{"taxonomy":"product_cat","embeddable":true,"href":"https:\/\/jinghai-packingmachine.com\/es\/wp-json\/wp\/v2\/product_cat?post=852"},{"taxonomy":"product_tag","embeddable":true,"href":"https:\/\/jinghai-packingmachine.com\/es\/wp-json\/wp\/v2\/product_tag?post=852"}],"curies":[{"name":"wp","href":"https:\/\/api.w.org\/{rel}","templated":true}]}}