{"id":858,"date":"2025-03-25T04:01:03","date_gmt":"2025-03-25T04:01:03","guid":{"rendered":"https:\/\/jinghai-packingmachine.com\/?post_type=product&#038;p=858"},"modified":"2026-03-29T22:10:07","modified_gmt":"2026-03-29T14:10:07","slug":"single-line-powder-packaging-machine-instant-coffee-stick-packing-machine","status":"publish","type":"product","link":"https:\/\/jinghai-packingmachine.com\/es\/product\/single-line-powder-packaging-machine-instant-coffee-stick-packing-machine\/","title":{"rendered":"M\u00e1quina envasadora de polvo de una sola l\u00ednea\/M\u00e1quina envasadora de caf\u00e9 instant\u00e1neo en barra"},"content":{"rendered":"<h2>M\u00e1quina envasadora de polvo de una sola l\u00ednea<\/h2>\n<p>Esta m\u00e1quina envasadora de polvo de una sola l\u00ednea es adecuada para la producci\u00f3n en masa y el envasado de medicamentos, productos sanitarios, productos l\u00e1cteos, alimentos, etc.<strong> estado de polvo<\/strong> como: polvo de medicina china, polvo de panax notoginseng, leche en polvo, prote\u00edna en polvo, caf\u00e9 en polvo, etc.<\/p>\n<h2>Caracter\u00edsticas estructurales<\/h2>\n<p>Con tecnolog\u00eda europea y dise\u00f1ada por nuestro ingeniero senior con m\u00e1s de 10 a\u00f1os de experiencia, nuestra envasadora de polvos de una sola l\u00ednea con servomotor y sellado por la parte trasera incorpora automatizaci\u00f3n avanzada y una pantalla t\u00e1ctil intuitiva. Sus principales caracter\u00edsticas incluyen:<\/p>\n<ul>\n<li>Muesca de desgarro<\/li>\n<li>Lavado de gas<\/li>\n<li>Sistemas de codificaci\u00f3n integrados (l\u00e1ser, inyecci\u00f3n de tinta, impresi\u00f3n por transferencia t\u00e9rmica)<\/li>\n<li>Llenadora volum\u00e9trica de m\u00faltiples carriles, llenadora de sinf\u00edn servo o llenadoras de l\u00edquidos servo<\/li>\n<li>Opciones de corte: corte recto, corte en zigzag, corte redondo o corte final con sello de diamante<\/li>\n<li>Detecci\u00f3n y rechazo de cartuchos vac\u00edos<\/li>\n<li>Boquillas de succi\u00f3n de polvo y funciones de eliminaci\u00f3n de est\u00e1tica<\/li>\n<li>Opciones de llenado: llenadora de barrena, llenadora de copa volum\u00e9trica, llenadora de conteo de tabletas o llenadora de bomba de pist\u00f3n<\/li>\n<li>Material de embalaje: El espesor de la pel\u00edcula compuesta de aluminio y pl\u00e1stico, pel\u00edcula revestida de aluminio, pel\u00edcula compuesta de pl\u00e1stico y papel, pel\u00edcula compuesta de pl\u00e1stico con capa interna de tipo termofusible es \u2265 70 micrones.<\/li>\n<\/ul>\n<h2>Par\u00e1metros t\u00e9cnicos<\/h2>\n<ol>\n<li>TIPO: STC-200<\/li>\n<li>Longitud de la bolsa: 50-180 mm (L)<\/li>\n<li>Ancho de la bolsa 20-90 mm (An)<\/li>\n<li>Ancho m\u00e1ximo del rollo de pel\u00edcula: 200 mm<\/li>\n<li>Material de embalaje: OPP\/CPP, OPP\/PE, PET\/PE<\/li>\n<li>Velocidad de embalaje: 30-50 ciclos\/min<\/li>\n<li>Rango de medici\u00f3n: 0-50 ml<\/li>\n<li>Consumo de aire: 0,65 mpa<\/li>\n<li>Consumo de gas: 0,1 metros c\u00fabicos por minuto<\/li>\n<li>Voltaje de alimentaci\u00f3n: 220 V<\/li>\n<li>Potencia: 2,5 kW<\/li>\n<li>Dimensiones: (L)1500 mm * (An)1300 mm * (Al)2300 mm<\/li>\n<li>Peso muerto de la m\u00e1quina: 220 kg<\/li>\n<\/ol>\n<h2>Opciones de estilo de palo disponibles<\/h2>\n<p><img alt=\"M\u00e1quina envasadora de polvo, envasado de caf\u00e9 instant\u00e1neo, envasadora de una sola l\u00ednea\" loading=\"lazy\" decoding=\"async\" class=\"alignnone wp-image-769\" src=\"https:\/\/jinghai-packingmachine.com\/wp-content\/uploads\/2025\/03\/stick-designs-for-packing.png\" width=\"570\" height=\"274\" srcset=\"https:\/\/jinghai-packingmachine.com\/wp-content\/uploads\/2025\/03\/stick-designs-for-packing.png 616w, https:\/\/jinghai-packingmachine.com\/wp-content\/uploads\/2025\/03\/stick-designs-for-packing-300x144.png 300w, https:\/\/jinghai-packingmachine.com\/wp-content\/uploads\/2025\/03\/stick-designs-for-packing-600x288.png 600w, https:\/\/jinghai-packingmachine.com\/wp-content\/uploads\/2025\/03\/stick-designs-for-packing-150x72.png 150w\" sizes=\"auto, (max-width: 570px) 100vw, 570px\" \/> <img alt=\"M\u00e1quina envasadora de polvo, envasado de caf\u00e9 instant\u00e1neo, envasadora de una sola l\u00ednea\" loading=\"lazy\" decoding=\"async\" class=\"alignnone wp-image-809\" src=\"https:\/\/jinghai-packingmachine.com\/wp-content\/uploads\/2025\/03\/\u6837\u888b-\u88c5\u76d21-scaled-1.jpg\" width=\"1076\" height=\"466\" srcset=\"https:\/\/jinghai-packingmachine.com\/wp-content\/uploads\/2025\/03\/\u6837\u888b-\u88c5\u76d21-scaled-1.jpg 2560w, https:\/\/jinghai-packingmachine.com\/wp-content\/uploads\/2025\/03\/\u6837\u888b-\u88c5\u76d21-scaled-1-300x130.jpg 300w, https:\/\/jinghai-packingmachine.com\/wp-content\/uploads\/2025\/03\/\u6837\u888b-\u88c5\u76d21-scaled-1-1024x443.jpg 1024w, https:\/\/jinghai-packingmachine.com\/wp-content\/uploads\/2025\/03\/\u6837\u888b-\u88c5\u76d21-scaled-1-768x332.jpg 768w, https:\/\/jinghai-packingmachine.com\/wp-content\/uploads\/2025\/03\/\u6837\u888b-\u88c5\u76d21-scaled-1-1536x665.jpg 1536w, https:\/\/jinghai-packingmachine.com\/wp-content\/uploads\/2025\/03\/\u6837\u888b-\u88c5\u76d21-scaled-1-2048x886.jpg 2048w, https:\/\/jinghai-packingmachine.com\/wp-content\/uploads\/2025\/03\/\u6837\u888b-\u88c5\u76d21-scaled-1-600x260.jpg 600w, https:\/\/jinghai-packingmachine.com\/wp-content\/uploads\/2025\/03\/\u6837\u888b-\u88c5\u76d21-scaled-1-150x65.jpg 150w\" sizes=\"auto, (max-width: 1076px) 100vw, 1076px\" \/><\/p>\n<h2>Recordatorio amable<\/h2>\n<p>Por favor, proporci\u00f3nenos la siguiente informaci\u00f3n al enviar su consulta. Con base en su mensaje, le sugeriremos la mejor soluci\u00f3n. Gracias.<\/p>\n<ol>\n<li>Dimensiones de la bolsa<\/li>\n<li>Peso por bolsa<\/li>\n<li>Su producto<\/li>\n<li>Forma de la bolsa<\/li>\n<li>Material de pel\u00edcula<\/li>\n<\/ol>","protected":false},"excerpt":{"rendered":"<p>Single-line Powder Packaging Machine This single-line powder packaging machine is suitable for the mass production and packaging of medicines, health<\/p>","protected":false},"featured_media":1240,"template":"","meta":{"_seopress_robots_primary_cat":"","_seopress_titles_title":"Single Line Powder Packaging Machine | JH Pack %%sep%% %%sitetitle%%","_seopress_titles_desc":"Single line powder packaging machine for instant coffee and powder products.","_seopress_robots_index":""},"product_brand":[],"product_cat":[18,20,26],"product_tag":[90,91,92,93,57,85,87,88,89],"class_list":{"0":"post-858","1":"product","2":"type-product","3":"status-publish","4":"has-post-thumbnail","6":"product_cat-high-speed-vertical-packing-machine","7":"product_cat-vffs-packing-machines","8":"product_cat-powder-packing-machine","9":"product_tag-vertical-form-fill-seal","10":"product_tag-custom-sachet","11":"product_tag-efficient-filling","12":"product_tag-packaging-machinery","13":"product_tag-automated-packaging","14":"product_tag-stick-sachet-machine","15":"product_tag-single-line-packaging","16":"product_tag-sachet-filling","17":"product_tag-snack-packaging","19":"first","20":"instock","21":"featured","22":"shipping-taxable","23":"product-type-simple"},"_links":{"self":[{"href":"https:\/\/jinghai-packingmachine.com\/es\/wp-json\/wp\/v2\/product\/858","targetHints":{"allow":["GET"]}}],"collection":[{"href":"https:\/\/jinghai-packingmachine.com\/es\/wp-json\/wp\/v2\/product"}],"about":[{"href":"https:\/\/jinghai-packingmachine.com\/es\/wp-json\/wp\/v2\/types\/product"}],"version-history":[{"count":4,"href":"https:\/\/jinghai-packingmachine.com\/es\/wp-json\/wp\/v2\/product\/858\/revisions"}],"predecessor-version":[{"id":893,"href":"https:\/\/jinghai-packingmachine.com\/es\/wp-json\/wp\/v2\/product\/858\/revisions\/893"}],"wp:featuredmedia":[{"embeddable":true,"href":"https:\/\/jinghai-packingmachine.com\/es\/wp-json\/wp\/v2\/media\/1240"}],"wp:attachment":[{"href":"https:\/\/jinghai-packingmachine.com\/es\/wp-json\/wp\/v2\/media?parent=858"}],"wp:term":[{"taxonomy":"product_brand","embeddable":true,"href":"https:\/\/jinghai-packingmachine.com\/es\/wp-json\/wp\/v2\/product_brand?post=858"},{"taxonomy":"product_cat","embeddable":true,"href":"https:\/\/jinghai-packingmachine.com\/es\/wp-json\/wp\/v2\/product_cat?post=858"},{"taxonomy":"product_tag","embeddable":true,"href":"https:\/\/jinghai-packingmachine.com\/es\/wp-json\/wp\/v2\/product_tag?post=858"}],"curies":[{"name":"wp","href":"https:\/\/api.w.org\/{rel}","templated":true}]}}