{"id":881,"date":"2025-03-25T06:48:35","date_gmt":"2025-03-25T06:48:35","guid":{"rendered":"https:\/\/jinghai-packingmachine.com\/?post_type=product&#038;p=881"},"modified":"2026-03-29T22:10:40","modified_gmt":"2026-03-29T14:10:40","slug":"automatic-servo-motorized-multi-lane-stick-sachet-packaging-machine-orderly-disorderly-cartoning-system","status":"publish","type":"product","link":"https:\/\/jinghai-packingmachine.com\/es\/product\/automatic-servo-motorized-multi-lane-stick-sachet-packaging-machine-orderly-disorderly-cartoning-system\/","title":{"rendered":"M\u00e1quina autom\u00e1tica de envasado de sobres en barra multicarril con servomotor (sistema de encartonado ordenado y desordenado)"},"content":{"rendered":"<h3>M\u00e1quina autom\u00e1tica de envasado de sobres multicanal con servomotor para envases tipo stick<\/h3>\n<p>Nuestra m\u00e1quina autom\u00e1tica de envasado en sobres monodosis multicanal con servomotor ofrece una soluci\u00f3n integral para el envasado de sobres monodosis en diversos sectores de productos. Sus caracter\u00edsticas principales incluyen:<\/p>\n<ul>\n<li><strong>L\u00ednea completa de envasado<\/strong>:\n<ul>\n<li>Consta de una m\u00e1quina de envasado de sobres individuales de 10 carriles, un sistema de conteo y agrupaci\u00f3n, y una m\u00e1quina de estuchado.<\/li>\n<\/ul>\n<\/li>\n<li>\n<h5><strong>Aplicaci\u00f3n vers\u00e1til<\/strong>:<\/h5>\n<ul>\n<li>Adecuado para el envasado de alimentos, productos farmac\u00e9uticos, l\u00e1cteos, cosm\u00e9ticos y productos qu\u00edmicos.<\/li>\n<li>Capaz de empaquetar cajas con paquetes de sobres sueltos y ordenados.<\/li>\n<\/ul>\n<\/li>\n<li><strong>Envasado eficiente<\/strong>:\n<ul>\n<li>El operario de la caja de cart\u00f3n cuenta y agrupa los paquetes de palitos en cajas para cumplir con los requisitos de distribuci\u00f3n modernos.<\/li>\n<\/ul>\n<\/li>\n<li><strong>Sistemas integrados<\/strong>:\n<ul>\n<li>Los sistemas de encartonado y agrupaci\u00f3n permiten procesos de embalaje sin interrupciones, que incluyen:\n<ul>\n<li>C\u00e1lculo<\/li>\n<li>Apilado<\/li>\n<li>Formaci\u00f3n\/montaje de cajas<\/li>\n<li>Cierre de caja<\/li>\n<\/ul>\n<\/li>\n<\/ul>\n<\/li>\n<li><strong>Control de calidad en tiempo real<\/strong>:\n<ul>\n<li>Una funci\u00f3n opcional de control de peso en l\u00ednea facilita la recopilaci\u00f3n de datos de control de calidad en tiempo real.<\/li>\n<\/ul>\n<\/li>\n<li><strong>Eficiencia laboral<\/strong>:\n<ul>\n<li>Toda la l\u00ednea de producci\u00f3n requiere un solo operario, lo que reduce significativamente los costes laborales.<\/li>\n<\/ul>\n<\/li>\n<\/ul>\n<h2>Par\u00e1metros t\u00e9cnicos<\/h2>\n<ol>\n<li>TIPO: hay diferentes modelos disponibles<\/li>\n<li>\u00a0Longitud de la bolsa: 180 mm (L)<\/li>\n<li>Rango de ancho de la bolsa: 16-45 mm (Ancho)<\/li>\n<li>Ancho m\u00e1ximo del rollo de pel\u00edcula: 400-1000 mm<\/li>\n<li>Material de embalaje: OPP\/CPP, OPP\/PE, PET\/PE<\/li>\n<li>Velocidad de embalaje: 30-50 ciclos\/min<\/li>\n<li>Voltaje de alimentaci\u00f3n: 220 V<\/li>\n<li>Rango de peso de la m\u00e1quina: 1230-2200 kg<\/li>\n<\/ol>\n<h2>Opciones de estilo de palo disponibles<\/h2>\n<p><img alt=\"M\u00e1quina de envasado servomotorizada, sobres adhesivos multicanal, encartonado autom\u00e1tico.\" loading=\"lazy\" decoding=\"async\" class=\"alignnone wp-image-874\" src=\"https:\/\/jinghai-packingmachine.com\/wp-content\/uploads\/2025\/03\/3-1.jpg\" width=\"902\" height=\"202\" srcset=\"https:\/\/jinghai-packingmachine.com\/wp-content\/uploads\/2025\/03\/3-1.jpg 1089w, https:\/\/jinghai-packingmachine.com\/wp-content\/uploads\/2025\/03\/3-1-300x67.jpg 300w, https:\/\/jinghai-packingmachine.com\/wp-content\/uploads\/2025\/03\/3-1-1024x229.jpg 1024w, https:\/\/jinghai-packingmachine.com\/wp-content\/uploads\/2025\/03\/3-1-768x172.jpg 768w, https:\/\/jinghai-packingmachine.com\/wp-content\/uploads\/2025\/03\/3-1-600x134.jpg 600w, https:\/\/jinghai-packingmachine.com\/wp-content\/uploads\/2025\/03\/3-1-150x34.jpg 150w\" sizes=\"auto, (max-width: 902px) 100vw, 902px\" \/><\/p>\n<h2>Recordatorio amable<\/h2>\n<p>Jingrui ofrece la oportunidad de dise\u00f1ar en colaboraci\u00f3n sistemas de envasado en sobres individuales a medida para satisfacer las necesidades espec\u00edficas de cada cliente. Por favor, facil\u00edtenos la siguiente informaci\u00f3n al enviar su consulta. En funci\u00f3n de su mensaje, le sugeriremos la soluci\u00f3n \u00f3ptima. Gracias.<\/p>\n<ol>\n<li>Dimensiones de la bolsa<\/li>\n<li>Peso por bolsa<\/li>\n<li>Su producto<\/li>\n<li>Forma de la bolsa<\/li>\n<li>Material de pel\u00edcula<\/li>\n<\/ol>\n<p>&nbsp;<\/p>","protected":false},"excerpt":{"rendered":"<p>Automatic Servo-Motorized Multi-Lane Stick Sachet Packaging Machine Our Automatic Servo-Motorized Multi-Lane Stick Sachet Packaging Machine offers a comprehensive solution for<\/p>","protected":false},"featured_media":882,"template":"","meta":{"_seopress_robots_primary_cat":"","_seopress_titles_title":"Automatic Servo Motorized Multi Lane Stick Sachet Packaging Machine | JH Pack %%sep%% %%sitetitle%%","_seopress_titles_desc":"Automatic servo motorized multi lane stick sachet packaging machine with cartoning system.","_seopress_robots_index":""},"product_brand":[],"product_cat":[18,24,25,26],"product_tag":[98,99,100,101,102,103,57,104,67,105,95,106,96,97],"class_list":{"0":"post-881","1":"product","2":"type-product","3":"status-publish","4":"has-post-thumbnail","6":"product_cat-high-speed-vertical-packing-machine","7":"product_cat-granule-packing-machine","8":"product_cat-liquid-packing-machine","9":"product_cat-powder-packing-machine","10":"product_tag-case-packaging","11":"product_tag-beverage-packaging","12":"product_tag-high-production","13":"product_tag-efficient-packaging","14":"product_tag-coffee-packaging","15":"product_tag-jinghaipackaging","16":"product_tag-automated-packaging","17":"product_tag-orderly-cartononing-system","18":"product_tag-powder-packaging","19":"product_tag-disorderly-cartoning-system","20":"product_tag-instant-coffee-packaging","21":"product_tag-automatic-servo-motorized","22":"product_tag-stick-pack-machine","23":"product_tag-cartoning-system","25":"first","26":"instock","27":"shipping-taxable","28":"product-type-simple"},"_links":{"self":[{"href":"https:\/\/jinghai-packingmachine.com\/es\/wp-json\/wp\/v2\/product\/881","targetHints":{"allow":["GET"]}}],"collection":[{"href":"https:\/\/jinghai-packingmachine.com\/es\/wp-json\/wp\/v2\/product"}],"about":[{"href":"https:\/\/jinghai-packingmachine.com\/es\/wp-json\/wp\/v2\/types\/product"}],"version-history":[{"count":2,"href":"https:\/\/jinghai-packingmachine.com\/es\/wp-json\/wp\/v2\/product\/881\/revisions"}],"predecessor-version":[{"id":999,"href":"https:\/\/jinghai-packingmachine.com\/es\/wp-json\/wp\/v2\/product\/881\/revisions\/999"}],"wp:featuredmedia":[{"embeddable":true,"href":"https:\/\/jinghai-packingmachine.com\/es\/wp-json\/wp\/v2\/media\/882"}],"wp:attachment":[{"href":"https:\/\/jinghai-packingmachine.com\/es\/wp-json\/wp\/v2\/media?parent=881"}],"wp:term":[{"taxonomy":"product_brand","embeddable":true,"href":"https:\/\/jinghai-packingmachine.com\/es\/wp-json\/wp\/v2\/product_brand?post=881"},{"taxonomy":"product_cat","embeddable":true,"href":"https:\/\/jinghai-packingmachine.com\/es\/wp-json\/wp\/v2\/product_cat?post=881"},{"taxonomy":"product_tag","embeddable":true,"href":"https:\/\/jinghai-packingmachine.com\/es\/wp-json\/wp\/v2\/product_tag?post=881"}],"curies":[{"name":"wp","href":"https:\/\/api.w.org\/{rel}","templated":true}]}}