{"id":886,"date":"2025-03-25T07:42:16","date_gmt":"2025-03-25T07:42:16","guid":{"rendered":"https:\/\/jinghai-packingmachine.com\/?post_type=product&#038;p=886"},"modified":"2026-03-29T22:10:43","modified_gmt":"2026-03-29T14:10:43","slug":"double-material-sachet-vertical-form-fill-seal-vffs-packing-machine","status":"publish","type":"product","link":"https:\/\/jinghai-packingmachine.com\/es\/product\/double-material-sachet-vertical-form-fill-seal-vffs-packing-machine\/","title":{"rendered":"M\u00e1quina envasadora vertical de formado, llenado y sellado (VFFS) de sobres de doble material"},"content":{"rendered":"<h2>M\u00e1quina de envasado vertical de doble material con formado, llenado y sellado (VFFS)<\/h2>\n<p>La m\u00e1quina de envasado VFFS de doble material incorpora tecnolog\u00eda avanzada de medici\u00f3n en microvasos, lo que le permite envasar tan solo 0,1 gramos de materiales como sal y pimienta. Esta m\u00e1quina utiliza un dispositivo de doble bloqueo, que permite envasar simult\u00e1neamente un paquete de pimienta y uno de sal, lo que resulta en velocidades de envasado m\u00e1s del doble que las de los equipos convencionales.<\/p>\n<h2><strong>Especificaciones clave<\/strong><\/h2>\n<ul>\n<li><strong>Velocidad de empaquetado<\/strong>: 10-80 bolsas por minuto<\/li>\n<li><strong>Tama\u00f1o de la bolsa<\/strong>: Largo (30-180 mm), Ancho (70-120 mm)<\/li>\n<li><strong>Materiales de embalaje<\/strong>: Compatible con diversos materiales, incluyendo papel\/PE, PET\/l\u00e1mina de aluminio\/PE, nailon\/PE y papel de filtro para hojas de t\u00e9.<\/li>\n<\/ul>\n<p>Esta m\u00e1quina est\u00e1 dise\u00f1ada para el envasado autom\u00e1tico de dos materiales diferentes, siendo ideal para productos como sal, pimienta en polvo, az\u00facar, tinte para el cabello, champ\u00fa y salsas. Tambi\u00e9n es eficaz para el envasado de cremas l\u00edquidas en la industria cosm\u00e9tica, permitiendo combinaciones como tinte y per\u00f3xido de hidr\u00f3geno, o champ\u00fa y acondicionador. La m\u00e1quina puede manejar compartimentos izquierdo y derecho, as\u00ed como compartimentos delantero y trasero para la medici\u00f3n simult\u00e1nea de dos materiales.<\/p>\n<h2><strong>Caracter\u00edsticas operativas<\/strong><\/h2>\n<ul>\n<li>Procesos totalmente automatizados que incluyen medici\u00f3n, fabricaci\u00f3n de bolsas, llenado, sellado, impresi\u00f3n del n\u00famero de lote (con impresora de c\u00f3digos), corte y conteo.<\/li>\n<li>Utiliza un PLC importado para el control inteligente de todas las funciones de la m\u00e1quina, lo que permite:\n<ul>\n<li>Ajustes personalizados de longitud de bolsa<\/li>\n<li>Seguimiento de la cantidad de producci\u00f3n acumulada<\/li>\n<li>Visualizaci\u00f3n de la cantidad de producci\u00f3n<\/li>\n<li>Configuraci\u00f3n de apagado de salida total<\/li>\n<li>Conmutaci\u00f3n de control fotoel\u00e9ctrico<\/li>\n<\/ul>\n<\/li>\n<li>Control inteligente de la temperatura para el sellado tanto horizontal como vertical.<\/li>\n<li>Sistema de posicionamiento fotoel\u00e9ctrico con alta resistencia a las interferencias y sistema de alarma para la detecci\u00f3n de anomal\u00edas en el cursor.<\/li>\n<li>Ajuste de velocidad continuo dentro del rango nominal, lo que permite realizar cambios sin detener la m\u00e1quina.<\/li>\n<li>Alta precisi\u00f3n en la fabricaci\u00f3n de bolsas, lo que garantiza medidas exactas conforme a las normas nacionales, con un funcionamiento y mantenimiento sencillos.<\/li>\n<\/ul>\n<p>Esta innovadora m\u00e1quina rompe con los l\u00edmites de medici\u00f3n tradicionales, ofreciendo mayor eficiencia y fiabilidad para diversas aplicaciones de envasado.<\/p>\n<h2>Par\u00e1metros t\u00e9cnicos<\/h2>\n<table class=\"table\" style=\"height: 318px;\" border=\"0\" width=\"997\" cellspacing=\"0\" cellpadding=\"0\">\n<tbody>\n<tr class=\"firstRow\">\n<td valign=\"center\" width=\"197\">N\u00famero de modelo<\/td>\n<td valign=\"center\" width=\"173\">KH-Ys50<\/td>\n<td valign=\"center\" width=\"183\">KH-Ys150<\/td>\n<\/tr>\n<tr>\n<td valign=\"center\" width=\"197\">Capacidad (bolsas\/min)<\/td>\n<td valign=\"center\" width=\"173\">30-80<\/td>\n<td valign=\"center\" width=\"183\">10-35<\/td>\n<\/tr>\n<tr>\n<td valign=\"center\" width=\"197\">Rango de medici\u00f3n (ml)<\/td>\n<td valign=\"center\" width=\"173\">10-35<\/td>\n<td valign=\"center\" width=\"183\">5-100<\/td>\n<\/tr>\n<tr>\n<td valign=\"center\" width=\"197\">Tama\u00f1o de la bolsa (mm)<\/td>\n<td colspan=\"2\" valign=\"center\" width=\"356\">(Largo: 30-180) (Ancho: 70-120)<\/td>\n<\/tr>\n<tr>\n<td valign=\"center\" width=\"197\">Voltaje de potencia<\/td>\n<td colspan=\"2\" valign=\"center\" width=\"356\">(380V\/50Hz) (220V\/50-60Hz) <strong>Potencia: 1,3 kW<\/strong><\/td>\n<\/tr>\n<tr>\n<td valign=\"center\" width=\"197\">Material de embalaje<\/td>\n<td colspan=\"2\" valign=\"center\" width=\"356\">Papel\/PE, PET\/ALUMINIO\/PE, NYLON\/PE, papel de filtro para hojas de t\u00e9, etc.<\/td>\n<\/tr>\n<tr>\n<td valign=\"center\" width=\"197\">Peso neto (kg)<\/td>\n<td colspan=\"2\" valign=\"center\" width=\"356\">260-380 kg<\/td>\n<\/tr>\n<tr>\n<td valign=\"center\" width=\"197\">Dimensiones generales (mm)<\/td>\n<td colspan=\"2\" valign=\"center\" width=\"356\">(850*1250*1500) (1400*1200*1920)<\/td>\n<\/tr>\n<tr>\n<td valign=\"center\" width=\"197\">Funci\u00f3n<\/td>\n<td colspan=\"2\" valign=\"center\" width=\"356\">Envasado autom\u00e1tico para champ\u00fa con tinte para el cabello, mezcla de salsas, mezcla de especias, etc.<\/td>\n<\/tr>\n<tr>\n<td valign=\"center\" width=\"197\">Tipo de bolsa<\/td>\n<td colspan=\"2\" valign=\"center\" width=\"356\">(trilateral) (cuadrilateral)<\/td>\n<\/tr>\n<\/tbody>\n<\/table>\n<h2>Recordatorio amable<\/h2>\n<p>Por favor, proporci\u00f3nenos la siguiente informaci\u00f3n al enviar su consulta. Con base en su mensaje, le sugeriremos la mejor soluci\u00f3n. Gracias.<\/p>\n<ol>\n<li>Dimensiones de la bolsa<\/li>\n<li>Peso por bolsa<\/li>\n<li>Su producto<\/li>\n<li>Forma de la bolsa<\/li>\n<li>Material de pel\u00edcula<\/li>\n<\/ol>\n<p>&nbsp;<\/p>","protected":false},"excerpt":{"rendered":"<p>Double Material Vertical Form Fill Seal (VFFS) Packing Machine The Double Material VFFS Packing Machine features advanced microcup measuring technology,<\/p>","protected":false},"featured_media":889,"template":"","meta":{"_seopress_robots_primary_cat":"","_seopress_titles_title":"Double Material VFFS Packing Machine | JH Pack %%sep%% %%sitetitle%%","_seopress_titles_desc":"Double material vertical form fill seal packing machine with advanced features.","_seopress_robots_index":""},"product_brand":[],"product_cat":[18,25],"product_tag":[112,113,57,82,107,108,109,110,111],"class_list":{"0":"post-886","1":"product","2":"type-product","3":"status-publish","4":"has-post-thumbnail","6":"product_cat-high-speed-vertical-packing-machine","7":"product_cat-liquid-packing-machine","8":"product_tag-dual-material-machine","9":"product_tag-high-speed-packaging","10":"product_tag-automated-packaging","11":"product_tag-food-packaging","12":"product_tag-double-material-packaging","13":"product_tag-vertical-foam-fill-seal","14":"product_tag-cosmetics-packaging","15":"product_tag-plc-controlled","16":"product_tag-salt-and-pepper-packaging","18":"first","19":"instock","20":"shipping-taxable","21":"product-type-simple"},"_links":{"self":[{"href":"https:\/\/jinghai-packingmachine.com\/es\/wp-json\/wp\/v2\/product\/886","targetHints":{"allow":["GET"]}}],"collection":[{"href":"https:\/\/jinghai-packingmachine.com\/es\/wp-json\/wp\/v2\/product"}],"about":[{"href":"https:\/\/jinghai-packingmachine.com\/es\/wp-json\/wp\/v2\/types\/product"}],"version-history":[{"count":3,"href":"https:\/\/jinghai-packingmachine.com\/es\/wp-json\/wp\/v2\/product\/886\/revisions"}],"predecessor-version":[{"id":892,"href":"https:\/\/jinghai-packingmachine.com\/es\/wp-json\/wp\/v2\/product\/886\/revisions\/892"}],"wp:featuredmedia":[{"embeddable":true,"href":"https:\/\/jinghai-packingmachine.com\/es\/wp-json\/wp\/v2\/media\/889"}],"wp:attachment":[{"href":"https:\/\/jinghai-packingmachine.com\/es\/wp-json\/wp\/v2\/media?parent=886"}],"wp:term":[{"taxonomy":"product_brand","embeddable":true,"href":"https:\/\/jinghai-packingmachine.com\/es\/wp-json\/wp\/v2\/product_brand?post=886"},{"taxonomy":"product_cat","embeddable":true,"href":"https:\/\/jinghai-packingmachine.com\/es\/wp-json\/wp\/v2\/product_cat?post=886"},{"taxonomy":"product_tag","embeddable":true,"href":"https:\/\/jinghai-packingmachine.com\/es\/wp-json\/wp\/v2\/product_tag?post=886"}],"curies":[{"name":"wp","href":"https:\/\/api.w.org\/{rel}","templated":true}]}}