{"id":899,"date":"2025-03-25T09:38:14","date_gmt":"2025-03-25T09:38:14","guid":{"rendered":"https:\/\/jinghai-packingmachine.com\/?post_type=product&#038;p=899"},"modified":"2026-03-29T22:11:00","modified_gmt":"2026-03-29T14:11:00","slug":"automatic-cartoning-system-for-stick-product","status":"publish","type":"product","link":"https:\/\/jinghai-packingmachine.com\/es\/product\/automatic-cartoning-system-for-stick-product\/","title":{"rendered":"Sistema autom\u00e1tico de encartonado para productos en barra"},"content":{"rendered":"<h2>Solicitud<\/h2>\n<p>Admite la detecci\u00f3n por pesaje de productos terminados l\u00edquidos, en polvo o granulados procedentes de m\u00e1quinas de envasado en barra multil\u00ednea, y los productos que no cumplen los requisitos son expulsados autom\u00e1ticamente por el dispositivo de clasificaci\u00f3n.<\/p>\n<h2>Caracter\u00edsticas<\/h2>\n<ol>\n<li>Funci\u00f3n de retroalimentaci\u00f3n particularmente \u00fanica para el pesaje.<\/li>\n<li>Sistema de control modular totalmente nuevo y altamente integrado, accionado por servomotor.<\/li>\n<li>Seg\u00fan la situaci\u00f3n actual, se pueden rechazar todos los carriles despu\u00e9s de que se haya rechazado un solo carril. El funcionamiento de cada l\u00ednea se puede observar a trav\u00e9s del plexigl\u00e1s multi\u00e1ngulo.<\/li>\n<\/ol>\n<h2>Caracter\u00edsticas principales de rendimiento<\/h2>\n<ol>\n<li>Es apto para el envasado autom\u00e1tico en cajas de todo tipo de productos en barra.<\/li>\n<li>Dise\u00f1o de balc\u00f3n sencillo y f\u00e1cil de limpiar.<\/li>\n<li>Control total mediante servomotor, alta precisi\u00f3n de posicionamiento, estable y fiable para el embalaje de cajas.<\/li>\n<li>Dise\u00f1o modular, depuraci\u00f3n sencilla, las piezas relacionadas se pueden reemplazar de forma independiente para adaptarse a diversas especificaciones de los productos.<\/li>\n<li>Esta m\u00e1quina est\u00e1 equipada con un dispositivo de dosificaci\u00f3n que permite completar autom\u00e1ticamente todo el proceso de alimentaci\u00f3n de material, fabricaci\u00f3n de bolsas, llenado, impresi\u00f3n de la fecha, llenado de aire (expulsi\u00f3n), conteo y transporte del producto terminado.<\/li>\n<\/ol>\n<h2>Recordatorio amable<\/h2>\n<p>Por favor, proporci\u00f3nenos la siguiente informaci\u00f3n al enviar su consulta. Con base en su mensaje, le sugeriremos la mejor soluci\u00f3n. Gracias.<\/p>\n<ol>\n<li>Dimensiones de la bolsa<\/li>\n<li>Peso por bolsa<\/li>\n<li>Su producto<\/li>\n<li>Forma de la bolsa<\/li>\n<li>Material de pel\u00edcula<\/li>\n<\/ol>\n<p>&nbsp;<\/p>","protected":false},"excerpt":{"rendered":"<p>Application Supporting the weighing detection of liquid \/ powder \/ granule finished products from multilane stick packaging machine, and the<\/p>","protected":false},"featured_media":902,"template":"","meta":{"_seopress_robots_primary_cat":"none","_seopress_titles_title":"Automatic Cartoning System for Stick Product | JH Pack %%sep%% %%sitetitle%%","_seopress_titles_desc":"Automatic cartoning system for stick products with weighing detection.","_seopress_robots_index":""},"product_brand":[],"product_cat":[18,23],"product_tag":[60,76,97],"class_list":{"0":"post-899","1":"product","2":"type-product","3":"status-publish","4":"has-post-thumbnail","6":"product_cat-high-speed-vertical-packing-machine","7":"product_cat-options-accessories","8":"product_tag-stickpack-machine","9":"product_tag-automatic-packaging","10":"product_tag-cartoning-system","12":"first","13":"instock","14":"shipping-taxable","15":"product-type-simple"},"_links":{"self":[{"href":"https:\/\/jinghai-packingmachine.com\/es\/wp-json\/wp\/v2\/product\/899","targetHints":{"allow":["GET"]}}],"collection":[{"href":"https:\/\/jinghai-packingmachine.com\/es\/wp-json\/wp\/v2\/product"}],"about":[{"href":"https:\/\/jinghai-packingmachine.com\/es\/wp-json\/wp\/v2\/types\/product"}],"version-history":[{"count":2,"href":"https:\/\/jinghai-packingmachine.com\/es\/wp-json\/wp\/v2\/product\/899\/revisions"}],"predecessor-version":[{"id":903,"href":"https:\/\/jinghai-packingmachine.com\/es\/wp-json\/wp\/v2\/product\/899\/revisions\/903"}],"wp:featuredmedia":[{"embeddable":true,"href":"https:\/\/jinghai-packingmachine.com\/es\/wp-json\/wp\/v2\/media\/902"}],"wp:attachment":[{"href":"https:\/\/jinghai-packingmachine.com\/es\/wp-json\/wp\/v2\/media?parent=899"}],"wp:term":[{"taxonomy":"product_brand","embeddable":true,"href":"https:\/\/jinghai-packingmachine.com\/es\/wp-json\/wp\/v2\/product_brand?post=899"},{"taxonomy":"product_cat","embeddable":true,"href":"https:\/\/jinghai-packingmachine.com\/es\/wp-json\/wp\/v2\/product_cat?post=899"},{"taxonomy":"product_tag","embeddable":true,"href":"https:\/\/jinghai-packingmachine.com\/es\/wp-json\/wp\/v2\/product_tag?post=899"}],"curies":[{"name":"wp","href":"https:\/\/api.w.org\/{rel}","templated":true}]}}