{"id":912,"date":"2025-03-26T05:51:57","date_gmt":"2025-03-26T05:51:57","guid":{"rendered":"https:\/\/jinghai-packingmachine.com\/?post_type=product&#038;p=912"},"modified":"2026-03-29T22:11:19","modified_gmt":"2026-03-29T14:11:19","slug":"vffs-powder-packing-machine-flour-packing-machine","status":"publish","type":"product","link":"https:\/\/jinghai-packingmachine.com\/es\/product\/vffs-powder-packing-machine-flour-packing-machine\/","title":{"rendered":"M\u00e1quina de envasado de polvo VFFS\/M\u00e1quina de envasado de harina (leche y caf\u00e9 en polvo)"},"content":{"rendered":"<h3>M\u00e1quina vertical de envasado de polvo con formado, llenado y sellado<\/h3>\n<p>La m\u00e1quina de envasado vertical de polvos con llenador de tornillo sin fin (VFFS) est\u00e1 dise\u00f1ada para envasar polvos no fluidos en las industrias alimentaria, l\u00e1ctea, sanitaria y qu\u00edmica. Es adecuada para aplicaciones como harina de trigo, leche y caf\u00e9 en polvo, almid\u00f3n, condimentos y especias en polvo, mascarillas faciales en polvo, medicamentos veterinarios y pesticidas en polvo. El sistema completo de esta m\u00e1quina incluye:<\/p>\n<ul>\n<li>Alimentador transportador de tornillo<\/li>\n<li>Sistema de dosificaci\u00f3n de llenado por tornillo sin fin<\/li>\n<li>M\u00e1quina vertical de formado, llenado y sellado (VFFS)<\/li>\n<li>Transportador de producto terminado<\/li>\n<li>Unidades accesorias<\/li>\n<\/ul>\n<h2>Ventajas clave<\/h2>\n<ul>\n<li><strong>Dise\u00f1o simple y robusto<\/strong>Dise\u00f1ado para facilitar su funcionamiento y mantenimiento.<\/li>\n<li><strong>Funcionalidad controlada por PLC<\/strong>Garantiza un control preciso sobre el proceso de envasado.<\/li>\n<li><strong>Mecanismos servocontrolados<\/strong>Incorpora correas de tracci\u00f3n controladas por servomotor y sellado horizontal para un rendimiento mejorado.<\/li>\n<li><strong>Control digital de temperatura<\/strong>: Proporciona una gesti\u00f3n precisa de la temperatura para un sellado eficaz.<\/li>\n<li><strong>Correas de tracci\u00f3n autoalineables<\/strong>: Mejorar la eficiencia operativa y reducir el tiempo de inactividad.<\/li>\n<li><strong>Registro del sensor fotogr\u00e1fico<\/strong>: Garantiza un registro preciso de la marca de impresi\u00f3n.<\/li>\n<li><strong>Medici\u00f3n precisa de la longitud de la bolsa<\/strong>Utiliza un codificador para la medici\u00f3n exacta de la longitud de la bolsa.<\/li>\n<li><strong>Conjunto de collar de conformado sin herramientas<\/strong>: Facilita cambios r\u00e1pidos y sencillos.<\/li>\n<li><strong>Alineaci\u00f3n conveniente del sello trasero<\/strong>: Simplifica el proceso de sellado.<\/li>\n<\/ul>\n<h2>Opciones de personalizaci\u00f3n<\/h2>\n<p>La m\u00e1quina se puede personalizar con varias opciones para mejorar su funcionalidad, entre las que se incluyen:<\/p>\n<ul>\n<li>Conjunto de refuerzo lateral<\/li>\n<li>Conjunto de fondo de bloque<\/li>\n<li>Lavado con gas nitr\u00f3geno<\/li>\n<li>Mordazas de sellado de polietileno<\/li>\n<li>Eliminador de est\u00e1tica<\/li>\n<li>Formaci\u00f3n de tubos de escape<\/li>\n<li>Perforadora\/perforadora de mango<\/li>\n<li>Impresora de transferencia t\u00e9rmica o l\u00e1ser<\/li>\n<li>Muesca de desgarro<\/li>\n<li>Vibrador de tolva<\/li>\n<li>Cinta transportadora indexadora<\/li>\n<\/ul>\n<p>Esta m\u00e1quina vertical de envasado en polvo, formada, llena y sellada, proporciona una soluci\u00f3n eficiente y fiable para el envasado de productos en polvo en m\u00faltiples industrias, garantizando resultados de alta calidad en cada ciclo.<\/p>\n<h2>Par\u00e1metros t\u00e9cnicos:<\/h2>\n<table style=\"height: 698px;\" width=\"923\">\n<tbody>\n<tr>\n<td width=\"18%\">\n<h4 style=\"text-align: center;\"><strong>Modelos<\/strong><\/h4>\n<\/td>\n<td style=\"text-align: center;\" width=\"19%\">\n<h4><strong>JR-420<\/strong><\/h4>\n<\/td>\n<td style=\"text-align: center;\" width=\"20%\">\n<h4><strong>JR-520<\/strong><\/h4>\n<\/td>\n<td style=\"text-align: center;\" width=\"21%\">\n<h4><strong>JR-720<\/strong><\/h4>\n<\/td>\n<td style=\"text-align: center;\" width=\"20%\">\n<h4><strong>JR-800<\/strong><\/h4>\n<\/td>\n<\/tr>\n<tr>\n<td width=\"18%\">\n<p style=\"text-align: center;\">Tama\u00f1o de la bolsa<\/p>\n<\/td>\n<td style=\"text-align: center;\" width=\"19%\">Longitud: 60-300 mm<\/p>\n<p>Ancho: 60-200 mm<\/td>\n<td style=\"text-align: center;\" width=\"20%\">Longitud: 80-350 mm<\/p>\n<p>Ancho: 100-250 mm<\/td>\n<td style=\"text-align: center;\" width=\"21%\">Longitud: 100-450 mm<\/p>\n<p>Ancho: 140-350 mm<\/td>\n<td style=\"text-align: center;\" width=\"20%\">Longitud: 100-550 mm<\/p>\n<p>Ancho: 200-390 mm<\/td>\n<\/tr>\n<tr>\n<td width=\"18%\">\n<p style=\"text-align: center;\">Velocidad de empaquetado<\/p>\n<\/td>\n<td style=\"text-align: center;\" width=\"19%\">5-150 bolsas\/min<\/td>\n<td style=\"text-align: center;\" width=\"20%\">5-60 bolsas\/min<\/td>\n<td style=\"text-align: center;\" width=\"21%\">5-45 bolsas\/min<\/td>\n<td width=\"20%\">\n<p style=\"text-align: center;\">5-30 bolsas\/min<\/p>\n<\/td>\n<\/tr>\n<tr>\n<td width=\"18%\">\n<p style=\"text-align: center;\">Ancho m\u00e1ximo de la pel\u00edcula<\/p>\n<\/td>\n<td style=\"text-align: center;\" width=\"19%\">420 mm<\/td>\n<td style=\"text-align: center;\" width=\"20%\">520 mm<\/td>\n<td style=\"text-align: center;\" width=\"21%\">730 mm<\/td>\n<td width=\"20%\">\n<p style=\"text-align: center;\">800 mm<\/p>\n<\/td>\n<\/tr>\n<tr>\n<td width=\"18%\">\n<p style=\"text-align: center;\">Espesor de la pel\u00edcula<\/p>\n<\/td>\n<td style=\"text-align: center;\" width=\"19%\">0,04-0,09 mm<\/td>\n<td style=\"text-align: center;\" width=\"20%\">0,04-0,09 mm<\/td>\n<td style=\"text-align: center;\" width=\"21%\">0,04-0,09 mm<\/td>\n<td width=\"20%\">\n<p style=\"text-align: center;\">0,04-0,09 mm<\/p>\n<\/td>\n<\/tr>\n<tr>\n<td width=\"18%\">\n<p style=\"text-align: center;\">Consumo de aire<\/p>\n<\/td>\n<td width=\"19%\">\n<p style=\"text-align: center;\">0,6 MPa, 0,4 m<sup>3<\/sup>\/min<\/p>\n<\/td>\n<td style=\"text-align: center;\" width=\"20%\">0,6 MPa, 0,5 m<sup>3<\/sup>\/min<\/td>\n<td style=\"text-align: center;\" width=\"21%\">0,8 MPa, 0,8 m<sup>3<\/sup>\/min<\/td>\n<td width=\"20%\">\n<p style=\"text-align: center;\">0,8 MPa, 0,8 m<sup>3<\/sup>\/min<\/p>\n<\/td>\n<\/tr>\n<tr>\n<td width=\"18%\">\n<p style=\"text-align: center;\">Fuente de alimentaci\u00f3n<\/p>\n<\/td>\n<td style=\"text-align: center;\" width=\"19%\">2,2 kW, 220 V, 50 Hz<\/td>\n<td style=\"text-align: center;\" width=\"20%\">2,2 kW, 220 V, 50 Hz<\/td>\n<td style=\"text-align: center;\" width=\"21%\">2,2 kW, 220 V, 50 Hz<\/td>\n<td width=\"20%\">\n<p style=\"text-align: center;\">2,2 kW, 220 V, 50 Hz<\/p>\n<\/td>\n<\/tr>\n<tr>\n<td width=\"18%\">\n<p style=\"text-align: center;\">Dimensiones generales<\/p>\n<\/td>\n<td width=\"19%\">\n<p style=\"text-align: center;\">1320 * 920 * 1392 mm<\/p>\n<\/td>\n<td style=\"text-align: center;\" width=\"20%\">1500 * 1140 * 1540 mm<\/td>\n<td style=\"text-align: center;\" width=\"21%\">1360 * 1630 * 1900 mm<\/td>\n<td width=\"20%\">\n<p style=\"text-align: center;\">157 * 1395 * 2460 mm<\/p>\n<\/td>\n<\/tr>\n<tr>\n<td style=\"text-align: center;\" width=\"18%\">Peso<\/td>\n<td style=\"text-align: center;\" width=\"19%\">450 kg<\/td>\n<td style=\"text-align: center;\" width=\"20%\">680 kg<\/td>\n<td style=\"text-align: center;\" width=\"21%\">900 kg<\/td>\n<td width=\"20%\">\n<p style=\"text-align: center;\">1200 kg<\/p>\n<\/td>\n<\/tr>\n<\/tbody>\n<\/table>\n<h2>Recordatorio amable<\/h2>\n<p>Por favor, proporci\u00f3nenos la siguiente informaci\u00f3n al enviar su consulta. Con base en su mensaje, le sugeriremos la mejor soluci\u00f3n. Gracias.<\/p>\n<ul role=\"tablist\">\n<li style=\"list-style-type: none;\">\n<ol>\n<li>Dimensiones de la bolsa<\/li>\n<li>Peso por bolsa<\/li>\n<li>Su producto<\/li>\n<li>Forma de la bolsa<\/li>\n<li>Material de pel\u00edcula<\/li>\n<\/ol>\n<\/li>\n<\/ul>\n<div class=\"wd-accordion-item\">\n<div id=\"tab-technical-details\" class=\"entry-content woocommerce-Tabs-panel woocommerce-Tabs-panel--technical-details panel wc-tab\" role=\"tabpanel\" aria-labelledby=\"tab-title-technical-details\" data-accordion-index=\"technical-details\">\n<div class=\"wc-tab-inner\">\n<p>&nbsp;<\/p>\n<\/div>\n<\/div>\n<\/div>","protected":false},"excerpt":{"rendered":"<p>Vertical Form Fill Seal Powder Packing Machine The Vertical Form Fill Seal (VFFS) Powder Packing Machine with an auger filler<\/p>","protected":false},"featured_media":914,"template":"","meta":{"_seopress_robots_primary_cat":"","_seopress_titles_title":"VFFS Powder Packing Machine | JH Pack %%sep%% %%sitetitle%%","_seopress_titles_desc":"Vertical form fill seal powder packing machine with auger filler.","_seopress_robots_index":""},"product_brand":[],"product_cat":[20,26,21],"product_tag":[133,134,135,136,137,138,67,101,126,127,132],"class_list":{"0":"post-912","1":"product","2":"type-product","3":"status-publish","4":"has-post-thumbnail","6":"product_cat-vffs-packing-machines","7":"product_cat-powder-packing-machine","8":"product_cat-pre-made-pouch-packing-machines","9":"product_tag-auger-filler","10":"product_tag-dairy-industry","11":"product_tag-chemical-packaging","12":"product_tag-automated-fillin","13":"product_tag-non-flowing-powder","14":"product_tag-industrial-packaging","15":"product_tag-powder-packaging","16":"product_tag-efficient-packaging","17":"product_tag-plc-control","18":"product_tag-servo-driven","19":"product_tag-vffs-powder-packing","21":"first","22":"instock","23":"featured","24":"shipping-taxable","25":"product-type-simple"},"_links":{"self":[{"href":"https:\/\/jinghai-packingmachine.com\/es\/wp-json\/wp\/v2\/product\/912","targetHints":{"allow":["GET"]}}],"collection":[{"href":"https:\/\/jinghai-packingmachine.com\/es\/wp-json\/wp\/v2\/product"}],"about":[{"href":"https:\/\/jinghai-packingmachine.com\/es\/wp-json\/wp\/v2\/types\/product"}],"version-history":[{"count":2,"href":"https:\/\/jinghai-packingmachine.com\/es\/wp-json\/wp\/v2\/product\/912\/revisions"}],"predecessor-version":[{"id":1316,"href":"https:\/\/jinghai-packingmachine.com\/es\/wp-json\/wp\/v2\/product\/912\/revisions\/1316"}],"wp:featuredmedia":[{"embeddable":true,"href":"https:\/\/jinghai-packingmachine.com\/es\/wp-json\/wp\/v2\/media\/914"}],"wp:attachment":[{"href":"https:\/\/jinghai-packingmachine.com\/es\/wp-json\/wp\/v2\/media?parent=912"}],"wp:term":[{"taxonomy":"product_brand","embeddable":true,"href":"https:\/\/jinghai-packingmachine.com\/es\/wp-json\/wp\/v2\/product_brand?post=912"},{"taxonomy":"product_cat","embeddable":true,"href":"https:\/\/jinghai-packingmachine.com\/es\/wp-json\/wp\/v2\/product_cat?post=912"},{"taxonomy":"product_tag","embeddable":true,"href":"https:\/\/jinghai-packingmachine.com\/es\/wp-json\/wp\/v2\/product_tag?post=912"}],"curies":[{"name":"wp","href":"https:\/\/api.w.org\/{rel}","templated":true}]}}