{"id":917,"date":"2025-03-26T05:56:31","date_gmt":"2025-03-26T05:56:31","guid":{"rendered":"https:\/\/jinghai-packingmachine.com\/?post_type=product&#038;p=917"},"modified":"2026-03-29T22:11:34","modified_gmt":"2026-03-29T14:11:34","slug":"liquid-packing-machine-pastepacking-machine","status":"publish","type":"product","link":"https:\/\/jinghai-packingmachine.com\/es\/product\/liquid-packing-machine-pastepacking-machine\/","title":{"rendered":"M\u00e1quina envasadora de l\u00edquidos \/ M\u00e1quina envasadora de pasta"},"content":{"rendered":"<h3>M\u00e1quina de envasado de l\u00edquidos\/pastas<\/h3>\n<p>La m\u00e1quina de envasado vertical de l\u00edquidos y pastas (VFFS) con dosificador de tornillo sin fin es adecuada para envasar rellenos de pasta de jud\u00edas dulces, relleno de pulpa de loto, mermelada de frutas, salsa de tomate, mermelada de sand\u00eda china, loci\u00f3n, champ\u00fa, detergente y otros productos l\u00edquidos y semil\u00edquidos. El sistema completo de esta m\u00e1quina incluye:<\/p>\n<ul>\n<li>Alimentador transportador de tornillo<\/li>\n<li>Sistema de dosificaci\u00f3n de llenado por tornillo sin fin<\/li>\n<li>M\u00e1quina vertical de formado, llenado y sellado (VFFS)<\/li>\n<li>Transportador de producto terminado<\/li>\n<li>Unidades accesorias<\/li>\n<\/ul>\n<h2>Ventajas clave<\/h2>\n<ul>\n<li><strong>Dise\u00f1o simple y robusto<\/strong>Dise\u00f1ado para facilitar su funcionamiento y mantenimiento.<\/li>\n<li><strong>Funcionalidad controlada por PLC<\/strong>Garantiza un control preciso sobre el proceso de envasado.<\/li>\n<li><strong>Mecanismos servocontrolados<\/strong>Incorpora correas de tracci\u00f3n controladas por servomotor y sellado horizontal para un rendimiento mejorado.<\/li>\n<li><strong>Control digital de temperatura<\/strong>: Proporciona una gesti\u00f3n precisa de la temperatura para un sellado eficaz.<\/li>\n<li><strong>Correas de tracci\u00f3n autoalineables<\/strong>: Mejorar la eficiencia operativa y reducir el tiempo de inactividad.<\/li>\n<li><strong>Registro del sensor fotogr\u00e1fico<\/strong>: Garantiza un registro preciso de la marca de impresi\u00f3n.<\/li>\n<li><strong>Medici\u00f3n precisa de la longitud de la bolsa<\/strong>Utiliza un codificador para la medici\u00f3n exacta de la longitud de la bolsa.<\/li>\n<li><strong>Conjunto de collar de conformado sin herramientas<\/strong>: Facilita cambios r\u00e1pidos y sencillos.<\/li>\n<li><strong>Alineaci\u00f3n conveniente del sello trasero<\/strong>: Simplifica el proceso de sellado.<\/li>\n<\/ul>\n<h2>Opciones de personalizaci\u00f3n<\/h2>\n<p>La m\u00e1quina se puede personalizar con varias opciones para mejorar su funcionalidad, entre las que se incluyen:<\/p>\n<ul>\n<li>Conjunto de refuerzo lateral<\/li>\n<li>Conjunto de fondo de bloque<\/li>\n<li>Lavado con gas nitr\u00f3geno<\/li>\n<li>Mordazas de sellado de polietileno<\/li>\n<li>Eliminador de est\u00e1tica<\/li>\n<li>Formaci\u00f3n de tubos de escape<\/li>\n<li>Perforadora\/perforadora de mango<\/li>\n<li>Impresora de transferencia t\u00e9rmica o l\u00e1ser<\/li>\n<li>Muesca de desgarro<\/li>\n<li>Vibrador de tolva<\/li>\n<li>Cinta transportadora indexadora<\/li>\n<\/ul>\n<p>Esta m\u00e1quina vertical de envasado en polvo, formada, llena y sellada, proporciona una soluci\u00f3n eficiente y fiable para el envasado de productos en polvo en m\u00faltiples industrias, garantizando resultados de alta calidad en cada ciclo.<\/p>\n<h2>Par\u00e1metros t\u00e9cnicos<\/h2>\n<ul>\n<li>Rango de peso: 20-5000 ml<\/li>\n<li>Ancho de la bolsa: 60-390 mm<\/li>\n<li>Longitud de la bolsa (ajustable): 60-550 mm<\/li>\n<li>Velocidad de envasado: 30-60 bolsas\/min<\/li>\n<li>Espesor de la pel\u00edcula: 0,04-0,09 mm<\/li>\n<li>Consumo de aire: 0,6 MPa, 0,4 m<sup>3<\/sup>\/min<\/li>\n<li>Fuente de alimentaci\u00f3n: 2,2 kW, 220 V, 50 Hz<\/li>\n<li>Peso aproximado de la m\u00e1quina: 600-900 kg<\/li>\n<\/ul>\n<h2>Recordatorio amable<\/h2>\n<p>Por favor, proporci\u00f3nenos la siguiente informaci\u00f3n al enviar su consulta. Con base en su mensaje, le sugeriremos la mejor soluci\u00f3n. Gracias.<\/p>\n<ul role=\"tablist\">\n<li style=\"list-style-type: none;\">\n<ol>\n<li>Dimensiones de la bolsa<\/li>\n<li>Peso por bolsa<\/li>\n<li>Su producto<\/li>\n<li>Forma de la bolsa<\/li>\n<li>Material de pel\u00edcula<\/li>\n<\/ol>\n<\/li>\n<\/ul>\n<div class=\"wd-accordion-item\">\n<div id=\"tab-technical-details\" class=\"entry-content woocommerce-Tabs-panel woocommerce-Tabs-panel--technical-details panel wc-tab\" role=\"tabpanel\" aria-labelledby=\"tab-title-technical-details\" data-accordion-index=\"technical-details\">\n<div class=\"wc-tab-inner\">\n<p>&nbsp;<\/p>\n<\/div>\n<\/div>\n<\/div>","protected":false},"excerpt":{"rendered":"<p>Liquid\/Paste Packing Machine The Vertical Form Fill Seal (VFFS) Liquid\/Paste Packing Machine with an auger filler is suitable to pack<\/p>","protected":false},"featured_media":1262,"template":"","meta":{"_seopress_robots_primary_cat":"","_seopress_titles_title":"Liquid Paste Packing Machine | JH Pack %%sep%% %%sitetitle%%","_seopress_titles_desc":"Vertical form fill seal liquid and paste packing machine with auger filler.","_seopress_robots_index":""},"product_brand":[],"product_cat":[25,20],"product_tag":[138,139,140,126,127,133,134,135,136],"class_list":{"0":"post-917","1":"product","2":"type-product","3":"status-publish","4":"has-post-thumbnail","6":"product_cat-liquid-packing-machine","7":"product_cat-vffs-packing-machines","8":"product_tag-industrial-packaging","9":"product_tag-vffs-liquid-packaging","10":"product_tag-vffs-paste-packaging","11":"product_tag-plc-control","12":"product_tag-servo-driven","13":"product_tag-auger-filler","14":"product_tag-dairy-industry","15":"product_tag-chemical-packaging","16":"product_tag-automated-fillin","18":"first","19":"instock","20":"featured","21":"shipping-taxable","22":"product-type-simple"},"_links":{"self":[{"href":"https:\/\/jinghai-packingmachine.com\/es\/wp-json\/wp\/v2\/product\/917","targetHints":{"allow":["GET"]}}],"collection":[{"href":"https:\/\/jinghai-packingmachine.com\/es\/wp-json\/wp\/v2\/product"}],"about":[{"href":"https:\/\/jinghai-packingmachine.com\/es\/wp-json\/wp\/v2\/types\/product"}],"version-history":[{"count":1,"href":"https:\/\/jinghai-packingmachine.com\/es\/wp-json\/wp\/v2\/product\/917\/revisions"}],"predecessor-version":[{"id":922,"href":"https:\/\/jinghai-packingmachine.com\/es\/wp-json\/wp\/v2\/product\/917\/revisions\/922"}],"wp:featuredmedia":[{"embeddable":true,"href":"https:\/\/jinghai-packingmachine.com\/es\/wp-json\/wp\/v2\/media\/1262"}],"wp:attachment":[{"href":"https:\/\/jinghai-packingmachine.com\/es\/wp-json\/wp\/v2\/media?parent=917"}],"wp:term":[{"taxonomy":"product_brand","embeddable":true,"href":"https:\/\/jinghai-packingmachine.com\/es\/wp-json\/wp\/v2\/product_brand?post=917"},{"taxonomy":"product_cat","embeddable":true,"href":"https:\/\/jinghai-packingmachine.com\/es\/wp-json\/wp\/v2\/product_cat?post=917"},{"taxonomy":"product_tag","embeddable":true,"href":"https:\/\/jinghai-packingmachine.com\/es\/wp-json\/wp\/v2\/product_tag?post=917"}],"curies":[{"name":"wp","href":"https:\/\/api.w.org\/{rel}","templated":true}]}}