{"id":924,"date":"2025-03-26T06:27:40","date_gmt":"2025-03-26T06:27:40","guid":{"rendered":"https:\/\/jinghai-packingmachine.com\/?post_type=product&#038;p=924"},"modified":"2026-03-29T22:11:36","modified_gmt":"2026-03-29T14:11:36","slug":"vertical-packaging-machine-for-quad-seal-bag-stand-up-bag","status":"publish","type":"product","link":"https:\/\/jinghai-packingmachine.com\/es\/product\/vertical-packaging-machine-for-quad-seal-bag-stand-up-bag\/","title":{"rendered":"M\u00e1quina envasadora vertical para bolsas de sellado cu\u00e1druple\/bolsas verticales"},"content":{"rendered":"<h3>M\u00e1quina envasadora vertical para bolsas de sellado cu\u00e1druple\/bolsas verticales<\/h3>\n<p style=\"text-align: left;\">La m\u00e1quina de envasado de bolsas con sellado cu\u00e1druple est\u00e1 dise\u00f1ada para crear bolsas con sellado cu\u00e1druple, que destacan en los estantes gracias a su estructura \u00fanica y su aspecto n\u00edtido y modular. Esta m\u00e1quina es especialmente \u00fatil para aplicaciones de envasado en industrias como la del caf\u00e9, alimentos para mascotas, dulces y snacks. A diferencia de las bolsas tipo almohada est\u00e1ndar, las bolsas con sellado cu\u00e1druple se mantienen de pie por s\u00ed solas, lo que proporciona un fuerte impacto visual y m\u00e1s espacio para la marca y la informaci\u00f3n del producto. Tanto los paneles verticales como los fuelles laterales pueden imprimirse con la marca y los detalles, lo que convierte a las bolsas con sellado cu\u00e1druple en herramientas de marketing eficaces.<\/p>\n<h4>Caracter\u00edsticas principales<\/h4>\n<p><strong>Rentable y de alta capacidad<\/strong>La m\u00e1quina ofrece una alta capacidad de producci\u00f3n y est\u00e1 dise\u00f1ada para ser rentable, lo que la convierte en una opci\u00f3n popular en diversas aplicaciones de envasado.<\/p>\n<p><strong>Baja inversi\u00f3n, alta rentabilidad.<\/strong>Se caracteriza por su alta velocidad y eficiencia, lo que garantiza un s\u00f3lido retorno de la inversi\u00f3n.<\/p>\n<p><strong>Interfaz f\u00e1cil de usar<\/strong>Equipada con un sistema de control inform\u00e1tico PLC importado, la m\u00e1quina cuenta con una interfaz hombre-m\u00e1quina (HMI) f\u00e1cil de manejar mediante una gran pantalla t\u00e1ctil.<\/p>\n<p><strong>Sistema accionado por servomotor<\/strong>El sistema de funcionamiento de la pel\u00edcula de embalaje est\u00e1 accionado por un servomotor, lo que proporciona un posicionamiento preciso y un rendimiento excelente.<\/p>\n<p><strong>Mayor fiabilidad<\/strong>Se maximiza la fiabilidad y la inteligencia generales de la m\u00e1quina, lo que garantiza un rendimiento constante.<\/p>\n<p><strong>Procesos automatizados<\/strong>La m\u00e1quina est\u00e1 equipada con un dispositivo de dosificaci\u00f3n que automatiza todo el proceso, incluyendo la alimentaci\u00f3n del material, la fabricaci\u00f3n de bolsas, el llenado, la impresi\u00f3n de la fecha, el llenado de aire (expulsi\u00f3n), el conteo y el transporte del producto terminado.<\/p>\n<h2>Opciones de personalizaci\u00f3n<\/h2>\n<p>La m\u00e1quina se puede personalizar con varias opciones para mejorar su funcionalidad, entre las que se incluyen:<\/p>\n<ul>\n<li>Lavado con gas nitr\u00f3geno<\/li>\n<li>Mordazas de sellado de polietileno<\/li>\n<li>Eliminador de est\u00e1tica<\/li>\n<li>Formaci\u00f3n de tubos de escape<\/li>\n<li>Perforadora\/perforadora de mango<\/li>\n<li>Impresora de transferencia t\u00e9rmica o l\u00e1ser<\/li>\n<li>Muesca de desgarro<\/li>\n<li>Vibrador de tolva<\/li>\n<li>Cinta transportadora indexadora<\/li>\n<li>Transportador de tipo pendiente\/tipo Z<\/li>\n<\/ul>\n<p>Jingrui ofrece a sus clientes sistemas de envasado \u00fanicos, adaptados a una amplia variedad de productos y necesidades de envasado. Nuestra m\u00e1quina de envasado vertical de cuatro sellos cuenta con m\u00faltiples opciones de dosificaci\u00f3n para ajustarse a los requisitos de dosificaci\u00f3n de diferentes productos, como se muestra a continuaci\u00f3n:<\/p>\n<p><img alt=\"Envasado en bolsa con sellado cu\u00e1druple, m\u00e1quina para bolsas de pie, envasado vertical\" loading=\"lazy\" decoding=\"async\" class=\"alignnone size-full wp-image-929\" src=\"https:\/\/jinghai-packingmachine.com\/wp-content\/uploads\/2025\/03\/quad-4.jpg\" width=\"876\" height=\"169\" srcset=\"https:\/\/jinghai-packingmachine.com\/wp-content\/uploads\/2025\/03\/quad-4.jpg 876w, https:\/\/jinghai-packingmachine.com\/wp-content\/uploads\/2025\/03\/quad-4-300x58.jpg 300w, https:\/\/jinghai-packingmachine.com\/wp-content\/uploads\/2025\/03\/quad-4-768x148.jpg 768w, https:\/\/jinghai-packingmachine.com\/wp-content\/uploads\/2025\/03\/quad-4-600x116.jpg 600w, https:\/\/jinghai-packingmachine.com\/wp-content\/uploads\/2025\/03\/quad-4-150x29.jpg 150w\" sizes=\"auto, (max-width: 876px) 100vw, 876px\" \/><\/p>\n<h2>Par\u00e1metros t\u00e9cnicos<\/h2>\n<table style=\"height: 668px;\" width=\"758\">\n<tbody>\n<tr>\n<td width=\"432\">\n<h4 style=\"text-align: center;\"><strong>Modelo<\/strong><\/h4>\n<\/td>\n<td style=\"text-align: center;\" width=\"432\">\n<h4><strong>JH-520-Q<\/strong><\/h4>\n<\/td>\n<td width=\"432\">\n<h4 style=\"text-align: center;\"><strong>JH-720-Q<\/strong><\/h4>\n<\/td>\n<\/tr>\n<tr>\n<td rowspan=\"4\" width=\"432\">\n<p style=\"text-align: center;\"><strong>Tama\u00f1o de la bolsa<\/strong><\/p>\n<\/td>\n<td style=\"text-align: center;\" width=\"432\">Ancho frontal: 70-190 mm<\/td>\n<td style=\"text-align: center;\" width=\"432\">Ancho frontal: 100-250 mm<\/td>\n<\/tr>\n<tr>\n<td width=\"432\">\n<p style=\"text-align: center;\">Ancho lateral: 40-100 mm<\/p>\n<\/td>\n<td style=\"text-align: center;\" width=\"432\">Ancho lateral: 50-120 mm<\/td>\n<\/tr>\n<tr>\n<td style=\"text-align: center;\" width=\"432\">Ancho del sellado lateral: 5-10 mm<\/td>\n<td width=\"432\">\n<p style=\"text-align: center;\">Ancho del sellado lateral: 5-10 mm<\/p>\n<\/td>\n<\/tr>\n<tr>\n<td style=\"text-align: center;\" width=\"432\">Longitud: 100-350 mm<\/td>\n<td width=\"432\">\n<p style=\"text-align: center;\">Longitud: 100-420 mm<\/p>\n<\/td>\n<\/tr>\n<tr>\n<td width=\"432\">\n<p style=\"text-align: center;\"><strong>Velocidad de empaquetado<\/strong><\/p>\n<\/td>\n<td style=\"text-align: center;\" width=\"432\">0-50 bolsas\/min<\/td>\n<td style=\"text-align: center;\" width=\"432\">10-40 bolsas\/min<\/td>\n<\/tr>\n<tr>\n<td width=\"432\">\n<p style=\"text-align: center;\"><strong>Tipo de bolsa<\/strong><\/p>\n<\/td>\n<td style=\"text-align: center;\" width=\"432\">Bolsa con sellado cu\u00e1druple<\/td>\n<td width=\"432\">\n<p style=\"text-align: center;\">Bolsa con sellado cu\u00e1druple<\/p>\n<\/td>\n<\/tr>\n<tr>\n<td width=\"432\">\n<p style=\"text-align: center;\"><strong>Ancho m\u00e1ximo de la pel\u00edcula<\/strong><\/p>\n<\/td>\n<td style=\"text-align: center;\" width=\"432\">520 mm<\/td>\n<td style=\"text-align: center;\" width=\"432\">720 mm<\/td>\n<\/tr>\n<tr>\n<td style=\"text-align: center;\" width=\"432\"><strong>Consumo de aire<\/strong><\/td>\n<td style=\"text-align: center;\" width=\"432\">0,6 MPa, 0,5 m<sup>3<\/sup>\/min<\/td>\n<td width=\"432\">\n<p style=\"text-align: center;\">0,6 MPa, 0,5 m<sup>3<\/sup>\/min<\/p>\n<\/td>\n<\/tr>\n<tr>\n<td width=\"432\">\n<p style=\"text-align: center;\"><strong>Fuente de alimentaci\u00f3n<\/strong><\/p>\n<\/td>\n<td style=\"text-align: center;\" width=\"432\">220 V (CA), 3,5 kW, 50 Hz\/60 Hz<\/td>\n<td style=\"text-align: center;\" width=\"432\">220 V (CA), 4 kW, 50 Hz\/60 Hz<\/td>\n<\/tr>\n<tr>\n<td style=\"text-align: center;\" width=\"432\"><strong>Dimensiones<\/strong><\/td>\n<td style=\"text-align: center;\" width=\"432\">1300 * 1130 * 1900 mm<\/td>\n<td width=\"432\">\n<p style=\"text-align: center;\">1700 * 1360 * 2250 mm<\/p>\n<\/td>\n<\/tr>\n<tr>\n<td style=\"text-align: center;\" width=\"432\"><strong>Peso<\/strong><\/td>\n<td style=\"text-align: center;\" width=\"432\">750 kg<\/td>\n<td width=\"432\">\n<p style=\"text-align: center;\">900 kg<\/p>\n<\/td>\n<\/tr>\n<\/tbody>\n<\/table>\n<h2><\/h2>\n<h2>Recordatorio amable<\/h2>\n<p>Por favor, proporci\u00f3nenos la siguiente informaci\u00f3n al enviar su consulta. Con base en su mensaje, le sugeriremos la mejor soluci\u00f3n. Gracias.<\/p>\n<ul role=\"tablist\">\n<li style=\"list-style-type: none;\">\n<ol>\n<li>Dimensiones de la bolsa<\/li>\n<li>Peso por bolsa<\/li>\n<li>Su producto<\/li>\n<li>Forma de la bolsa<\/li>\n<li>Material de pel\u00edcula<\/li>\n<\/ol>\n<\/li>\n<\/ul>\n<div class=\"wd-accordion-item\">\n<div id=\"tab-technical-details\" class=\"entry-content woocommerce-Tabs-panel woocommerce-Tabs-panel--technical-details panel wc-tab\" role=\"tabpanel\" aria-labelledby=\"tab-title-technical-details\" data-accordion-index=\"technical-details\">\n<div class=\"wc-tab-inner\">\n<p>&nbsp;<\/p>\n<\/div>\n<\/div>\n<\/div>","protected":false},"excerpt":{"rendered":"<p>Vertical Packaging Machine for quad seal bag\/stand-up bag The Quad Seal Pouch Packing Machine is designed to create quad seal<\/p>","protected":false},"featured_media":1263,"template":"","meta":{"_seopress_robots_primary_cat":"","_seopress_titles_title":"Vertical Packaging Machine for Quad Seal Bag | JH Pack %%sep%% %%sitetitle%%","_seopress_titles_desc":"Vertical packaging machine for quad seal bag and stand up bag.","_seopress_robots_index":""},"product_brand":[],"product_cat":[24,20],"product_tag":[141,142,143,144,145,57,68,89,126,127,130],"class_list":{"0":"post-924","1":"product","2":"type-product","3":"status-publish","4":"has-post-thumbnail","6":"product_cat-granule-packing-machine","7":"product_cat-vffs-packing-machines","8":"product_tag-quad-seal-pouch","9":"product_tag-packing-machine","10":"product_tag-candy-packaging","11":"product_tag-pet-food-packaging","12":"product_tag-branding-solutions","13":"product_tag-automated-packaging","14":"product_tag-user-friendly","15":"product_tag-snack-packaging","16":"product_tag-plc-control","17":"product_tag-servo-driven","18":"product_tag-jinghai-packaging","20":"first","21":"instock","22":"featured","23":"shipping-taxable","24":"product-type-simple"},"_links":{"self":[{"href":"https:\/\/jinghai-packingmachine.com\/es\/wp-json\/wp\/v2\/product\/924","targetHints":{"allow":["GET"]}}],"collection":[{"href":"https:\/\/jinghai-packingmachine.com\/es\/wp-json\/wp\/v2\/product"}],"about":[{"href":"https:\/\/jinghai-packingmachine.com\/es\/wp-json\/wp\/v2\/types\/product"}],"version-history":[{"count":5,"href":"https:\/\/jinghai-packingmachine.com\/es\/wp-json\/wp\/v2\/product\/924\/revisions"}],"predecessor-version":[{"id":935,"href":"https:\/\/jinghai-packingmachine.com\/es\/wp-json\/wp\/v2\/product\/924\/revisions\/935"}],"wp:featuredmedia":[{"embeddable":true,"href":"https:\/\/jinghai-packingmachine.com\/es\/wp-json\/wp\/v2\/media\/1263"}],"wp:attachment":[{"href":"https:\/\/jinghai-packingmachine.com\/es\/wp-json\/wp\/v2\/media?parent=924"}],"wp:term":[{"taxonomy":"product_brand","embeddable":true,"href":"https:\/\/jinghai-packingmachine.com\/es\/wp-json\/wp\/v2\/product_brand?post=924"},{"taxonomy":"product_cat","embeddable":true,"href":"https:\/\/jinghai-packingmachine.com\/es\/wp-json\/wp\/v2\/product_cat?post=924"},{"taxonomy":"product_tag","embeddable":true,"href":"https:\/\/jinghai-packingmachine.com\/es\/wp-json\/wp\/v2\/product_tag?post=924"}],"curies":[{"name":"wp","href":"https:\/\/api.w.org\/{rel}","templated":true}]}}