{"id":937,"date":"2025-03-26T08:10:41","date_gmt":"2025-03-26T08:10:41","guid":{"rendered":"https:\/\/jinghai-packingmachine.com\/?post_type=product&#038;p=937"},"modified":"2026-03-29T22:11:52","modified_gmt":"2026-03-29T14:11:52","slug":"semi-automatic-vertical-form-fill-seal-vffs-packing-machine","status":"publish","type":"product","link":"https:\/\/jinghai-packingmachine.com\/es\/product\/semi-automatic-vertical-form-fill-seal-vffs-packing-machine\/","title":{"rendered":"M\u00e1quina envasadora semiautom\u00e1tica de formado, llenado y sellado vertical (VFFS)"},"content":{"rendered":"<h3>M\u00e1quina envasadora semiautom\u00e1tica de formado, llenado y sellado vertical (VFFS)<\/h3>\n<p>La m\u00e1quina de envasado semiautom\u00e1tica vertical de formado, llenado y sellado (VFFS) es ideal para envasar productos frescos como mariscos, fideos frescos, carne precocinada y verduras. Esta m\u00e1quina est\u00e1 dise\u00f1ada y fabricada espec\u00edficamente para satisfacer las necesidades de envasado de talleres de baja productividad. Es perfecta para productos dif\u00edciles de pesar autom\u00e1ticamente y para art\u00edculos fr\u00e1giles.<\/p>\n<p><strong>Rentabilidad: <\/strong>Con una inversi\u00f3n menor en comparaci\u00f3n con las m\u00e1quinas totalmente autom\u00e1ticas, esta soluci\u00f3n de embalaje es una excelente opci\u00f3n para peque\u00f1as y medianas empresas.<\/p>\n<p><strong>Versatilidad: <\/strong>La m\u00e1quina puede envasar de forma eficiente una gran variedad de productos, incluyendo polvos, gr\u00e1nulos y s\u00f3lidos, utilizando diferentes materiales de embalaje como pl\u00e1stico, papel y laminados.<\/p>\n<p><strong>Mayor eficiencia: <\/strong>Al aumentar la velocidad de envasado en comparaci\u00f3n con los procesos manuales, esta m\u00e1quina ayuda a reducir los costes laborales y, al mismo tiempo, mejora la productividad general.<\/p>\n<p><strong>Dise\u00f1o f\u00e1cil de usar: <\/strong>Las m\u00e1quinas semiautom\u00e1ticas suelen ser m\u00e1s f\u00e1ciles de operar y mantener, requieren menos capacitaci\u00f3n para el personal, lo que simplifica el proceso de envasado.<\/p>\n<p><strong>Reducci\u00f3n de residuos: <\/strong>La m\u00e1quina ofrece capacidades precisas de llenado y sellado, minimizando el desperdicio de material y garantizando un envasado uniforme del producto.<\/p>\n<h2>Opciones de personalizaci\u00f3n<\/h2>\n<p>La m\u00e1quina se puede personalizar con varias opciones para mejorar su funcionalidad, entre las que se incluyen:<\/p>\n<ul>\n<li>Conjunto de refuerzo lateral<\/li>\n<li>Conjunto de fondo de bloque<\/li>\n<li>Lavado con gas nitr\u00f3geno<\/li>\n<li>Mordazas de sellado de polietileno<\/li>\n<li>Eliminador de est\u00e1tica<\/li>\n<li>Formaci\u00f3n de tubos de escape<\/li>\n<li>Perforadora\/perforadora de mango<\/li>\n<li>Impresora de transferencia t\u00e9rmica o l\u00e1ser<\/li>\n<li>Muesca de desgarro<\/li>\n<li>Vibrador de tolva<\/li>\n<li>Cinta transportadora indexadora<\/li>\n<\/ul>\n<p>Esta m\u00e1quina vertical de envasado en polvo, formada, llena y sellada, proporciona una soluci\u00f3n eficiente y fiable para el envasado de productos en polvo en m\u00faltiples industrias, garantizando resultados de alta calidad en cada ciclo.<\/p>\n<h2>Par\u00e1metros t\u00e9cnicos<\/h2>\n<table style=\"height: 684px;\" width=\"982\">\n<tbody>\n<tr>\n<td width=\"18%\"><strong>Modelos<\/strong><\/td>\n<td width=\"19%\"><strong>JR-420<\/strong><\/td>\n<td width=\"20%\"><strong>JR-520<\/strong><\/td>\n<td width=\"21%\"><strong>JR-720<\/strong><\/td>\n<td width=\"20%\"><strong>JR-800<\/strong><\/td>\n<\/tr>\n<tr>\n<td width=\"18%\">Tama\u00f1o de la bolsa<\/td>\n<td width=\"19%\">Longitud: 60-300 mm<\/p>\n<p>Ancho: 60-200 mm<\/td>\n<td width=\"20%\">Longitud: 80-350 mm<\/p>\n<p>Ancho: 100-250 mm<\/td>\n<td width=\"21%\">Longitud: 100-450 mm<\/p>\n<p>Ancho: 140-350 mm<\/td>\n<td width=\"20%\">Longitud: 100-550 mm<\/p>\n<p>Ancho: 200-390 mm<\/td>\n<\/tr>\n<tr>\n<td width=\"18%\">Velocidad de empaquetado<\/td>\n<td width=\"19%\">5-150 bolsas\/min<\/td>\n<td width=\"20%\">5-60 bolsas\/min<\/td>\n<td width=\"21%\">5-45 bolsas\/min<\/td>\n<td width=\"20%\">5-30 bolsas\/min<\/td>\n<\/tr>\n<tr>\n<td width=\"18%\">Ancho m\u00e1ximo de la pel\u00edcula<\/td>\n<td width=\"19%\">420 mm<\/td>\n<td width=\"20%\">520 mm<\/td>\n<td width=\"21%\">730 mm<\/td>\n<td width=\"20%\">800 mm<\/td>\n<\/tr>\n<tr>\n<td width=\"18%\">Espesor de la pel\u00edcula<\/td>\n<td width=\"19%\">0,04-0,09 mm<\/td>\n<td width=\"20%\">0,04-0,09 mm<\/td>\n<td width=\"21%\">0,04-0,09 mm<\/td>\n<td width=\"20%\">0,04-0,09 mm<\/td>\n<\/tr>\n<tr>\n<td width=\"18%\">Consumo de aire<\/td>\n<td width=\"19%\">0,6 MPa, 0,4 m<sup>3<\/sup>\/min<\/td>\n<td width=\"20%\">0,6 MPa, 0,5 m<sup>3<\/sup>\/min<\/td>\n<td width=\"21%\">0,8 MPa, 0,8 m<sup>3<\/sup>\/min<\/td>\n<td width=\"20%\">0,8 MPa, 0,8 m<sup>3<\/sup>\/min<\/td>\n<\/tr>\n<tr>\n<td width=\"18%\">Fuente de alimentaci\u00f3n<\/td>\n<td width=\"19%\">2,2 kW, 220 V, 50 Hz<\/td>\n<td width=\"20%\">2,2 kW, 220 V, 50 Hz<\/td>\n<td width=\"21%\">2,2 kW, 220 V, 50 Hz<\/td>\n<td width=\"20%\">2,2 kW, 220 V, 50 Hz<\/td>\n<\/tr>\n<tr>\n<td width=\"18%\">Dimensiones generales<\/td>\n<td width=\"19%\">1320 * 920 * 1392 mm<\/td>\n<td width=\"20%\">1500 * 1140 * 1540 mm<\/td>\n<td width=\"21%\">1360 * 1630 * 1900 mm<\/td>\n<td width=\"20%\">157 * 1395 * 2460 mm<\/td>\n<\/tr>\n<tr>\n<td width=\"18%\">Peso<\/td>\n<td width=\"19%\">450 kg<\/td>\n<td width=\"20%\">680 kg<\/td>\n<td width=\"21%\">900 kg<\/td>\n<td width=\"20%\">1200 kg<\/td>\n<\/tr>\n<\/tbody>\n<\/table>\n<h2>Recordatorio amable<\/h2>\n<p>Por favor, proporci\u00f3nenos la siguiente informaci\u00f3n al enviar su consulta. Con base en su mensaje, le sugeriremos la mejor soluci\u00f3n. Gracias.<\/p>\n<ul role=\"tablist\">\n<li style=\"list-style-type: none;\">\n<ol>\n<li>Dimensiones de la bolsa<\/li>\n<li>Peso por bolsa<\/li>\n<li>Su producto<\/li>\n<li>Forma de la bolsa<\/li>\n<li>Material de pel\u00edcula<\/li>\n<\/ol>\n<\/li>\n<\/ul>\n<div class=\"wd-accordion-item\">\n<div id=\"tab-technical-details\" class=\"entry-content woocommerce-Tabs-panel woocommerce-Tabs-panel--technical-details panel wc-tab\" role=\"tabpanel\" aria-labelledby=\"tab-title-technical-details\" data-accordion-index=\"technical-details\">\n<div class=\"wc-tab-inner\">\n<p>&nbsp;<\/p>\n<\/div>\n<\/div>\n<\/div>","protected":false},"excerpt":{"rendered":"<p>Semi-Automatic Vertical Form-Fill-Seal (VFFS) Packing Machine The Semi-Automatic Vertical Form-Fill-Seal (VFFS) Packing Machine is suitable for packaging fresh products such<\/p>","protected":false},"featured_media":938,"template":"","meta":{"_seopress_robots_primary_cat":"","_seopress_titles_title":"Semi Automatic VFFS Packing Machine | JH Pack %%sep%% %%sitetitle%%","_seopress_titles_desc":"Semi automatic vertical form fill seal packing machine.","_seopress_robots_index":""},"product_brand":[],"product_cat":[25,20],"product_tag":[138,139,140,146,126,127,133,134,135,136],"class_list":{"0":"post-937","1":"product","2":"type-product","3":"status-publish","4":"has-post-thumbnail","6":"product_cat-liquid-packing-machine","7":"product_cat-vffs-packing-machines","8":"product_tag-industrial-packaging","9":"product_tag-vffs-liquid-packaging","10":"product_tag-vffs-paste-packaging","11":"product_tag-semi-automatic-packing-machine","12":"product_tag-plc-control","13":"product_tag-servo-driven","14":"product_tag-auger-filler","15":"product_tag-dairy-industry","16":"product_tag-chemical-packaging","17":"product_tag-automated-fillin","19":"first","20":"instock","21":"featured","22":"shipping-taxable","23":"product-type-simple"},"_links":{"self":[{"href":"https:\/\/jinghai-packingmachine.com\/es\/wp-json\/wp\/v2\/product\/937","targetHints":{"allow":["GET"]}}],"collection":[{"href":"https:\/\/jinghai-packingmachine.com\/es\/wp-json\/wp\/v2\/product"}],"about":[{"href":"https:\/\/jinghai-packingmachine.com\/es\/wp-json\/wp\/v2\/types\/product"}],"version-history":[{"count":1,"href":"https:\/\/jinghai-packingmachine.com\/es\/wp-json\/wp\/v2\/product\/937\/revisions"}],"predecessor-version":[{"id":939,"href":"https:\/\/jinghai-packingmachine.com\/es\/wp-json\/wp\/v2\/product\/937\/revisions\/939"}],"wp:featuredmedia":[{"embeddable":true,"href":"https:\/\/jinghai-packingmachine.com\/es\/wp-json\/wp\/v2\/media\/938"}],"wp:attachment":[{"href":"https:\/\/jinghai-packingmachine.com\/es\/wp-json\/wp\/v2\/media?parent=937"}],"wp:term":[{"taxonomy":"product_brand","embeddable":true,"href":"https:\/\/jinghai-packingmachine.com\/es\/wp-json\/wp\/v2\/product_brand?post=937"},{"taxonomy":"product_cat","embeddable":true,"href":"https:\/\/jinghai-packingmachine.com\/es\/wp-json\/wp\/v2\/product_cat?post=937"},{"taxonomy":"product_tag","embeddable":true,"href":"https:\/\/jinghai-packingmachine.com\/es\/wp-json\/wp\/v2\/product_tag?post=937"}],"curies":[{"name":"wp","href":"https:\/\/api.w.org\/{rel}","templated":true}]}}