{"id":940,"date":"2025-03-26T08:26:14","date_gmt":"2025-03-26T08:26:14","guid":{"rendered":"https:\/\/jinghai-packingmachine.com\/?post_type=product&#038;p=940"},"modified":"2026-03-29T22:11:55","modified_gmt":"2026-03-29T14:11:55","slug":"multi-head-scale-packing-machine-vffs-packing-machine","status":"publish","type":"product","link":"https:\/\/jinghai-packingmachine.com\/es\/product\/multi-head-scale-packing-machine-vffs-packing-machine\/","title":{"rendered":"M\u00e1quina envasadora a escala multicabezal\/M\u00e1quina envasadora VFFS"},"content":{"rendered":"<h2>M\u00e1quina envasadora a escala multicabezal\/M\u00e1quina envasadora VFFS<\/h2>\n<ol>\n<li>La m\u00e1quina completa autom\u00e1ticamente todo el proceso de alimentaci\u00f3n, medici\u00f3n, embolsado, impresi\u00f3n de la fecha, carga (vaciado) y salida del producto terminado.<\/li>\n<li>Alta precisi\u00f3n, alta eficiencia sin da\u00f1ar el material.<\/li>\n<li>Sistema de control PLC de marca reconocida, pantalla t\u00e1ctil grande, f\u00e1cil de usar.<\/li>\n<li>Sistema de estirado de la pel\u00edcula y sellado horizontal controlados por servomotor.<\/li>\n<li>Minimice las p\u00e9rdidas con una funci\u00f3n de protecci\u00f3n de alerta totalmente autom\u00e1tica.<\/li>\n<\/ol>\n<h2>Opciones de personalizaci\u00f3n<\/h2>\n<p>La m\u00e1quina se puede personalizar con varias opciones para mejorar su funcionalidad, entre las que se incluyen:<\/p>\n<ul>\n<li>Conjunto de refuerzo lateral<\/li>\n<li>Conjunto de fondo de bloque<\/li>\n<li>Lavado con gas nitr\u00f3geno<\/li>\n<li>Mordazas de sellado de polietileno<\/li>\n<li>Eliminador de est\u00e1tica<\/li>\n<li>Formaci\u00f3n de tubos de escape<\/li>\n<li>Perforadora\/perforadora de mango<\/li>\n<li>Impresora de transferencia t\u00e9rmica o l\u00e1ser<\/li>\n<li>Muesca de desgarro<\/li>\n<li>Vibrador de tolva<\/li>\n<li>Cinta transportadora indexadora<\/li>\n<\/ul>\n<p>Esta m\u00e1quina vertical de envasado en polvo, formada, llena y sellada, proporciona una soluci\u00f3n eficiente y fiable para el envasado de productos en polvo en m\u00faltiples industrias, garantizando resultados de alta calidad en cada ciclo.<\/p>\n<h2>Par\u00e1metros t\u00e9cnicos:<\/h2>\n<table style=\"height: 574px;\" width=\"776\">\n<tbody>\n<tr>\n<td width=\"18%\"><strong>Modelos<\/strong><\/td>\n<td width=\"19%\"><strong>JR-420<\/strong><\/td>\n<td width=\"20%\"><strong>JR-520<\/strong><\/td>\n<td width=\"21%\"><strong>JR-720<\/strong><\/td>\n<td width=\"20%\"><strong>JR-800<\/strong><\/td>\n<\/tr>\n<tr>\n<td width=\"18%\">Tama\u00f1o de la bolsa<\/td>\n<td width=\"19%\">Longitud: 60-300 mm<\/p>\n<p>Ancho: 60-200 mm<\/td>\n<td width=\"20%\">Longitud: 80-350 mm<\/p>\n<p>Ancho: 100-250 mm<\/td>\n<td width=\"21%\">Longitud: 100-450 mm<\/p>\n<p>Ancho: 140-350 mm<\/td>\n<td width=\"20%\">Longitud: 100-550 mm<\/p>\n<p>Ancho: 200-390 mm<\/td>\n<\/tr>\n<tr>\n<td width=\"18%\">Velocidad de empaquetado<\/td>\n<td width=\"19%\">5-70 bolsas\/min<\/td>\n<td width=\"20%\">5-60 bolsas\/min<\/td>\n<td width=\"21%\">5-45 bolsas\/min<\/td>\n<td width=\"20%\">5-30 bolsas\/min<\/td>\n<\/tr>\n<tr>\n<td width=\"18%\">Ancho m\u00e1ximo de la pel\u00edcula<\/td>\n<td width=\"19%\">420 mm<\/td>\n<td width=\"20%\">520 mm<\/td>\n<td width=\"21%\">730 mm<\/td>\n<td width=\"20%\">800 mm<\/td>\n<\/tr>\n<tr>\n<td width=\"18%\">Espesor de la pel\u00edcula<\/td>\n<td width=\"19%\">0,04-0,09 mm<\/td>\n<td width=\"20%\">0,04-0,09 mm<\/td>\n<td width=\"21%\">0,06-0,12 mm<\/td>\n<td width=\"20%\">0,06-0,12 mm<\/td>\n<\/tr>\n<tr>\n<td width=\"18%\">Consumo de aire<\/td>\n<td width=\"19%\">0,6 MPa, 0,4 m<sup>3<\/sup>\/min<\/td>\n<td width=\"20%\">0,6 MPa, 0,5 m<sup>3<\/sup>\/min<\/td>\n<td width=\"21%\">0,8 MPa, 0,8 m<sup>3<\/sup>\/min<\/td>\n<td width=\"20%\">0,8 MPa, 0,8 m<sup>3<\/sup>\/min<\/td>\n<\/tr>\n<tr>\n<td width=\"18%\">Fuente de alimentaci\u00f3n<\/td>\n<td width=\"19%\">2,2 kW, 220 V, 50 Hz<\/td>\n<td width=\"20%\">2,2 kW, 220 V, 50 Hz<\/td>\n<td width=\"21%\">4,5 kW, 220 V, 50 Hz<\/td>\n<td width=\"20%\">5 kW, 220 V, 50 Hz<\/td>\n<\/tr>\n<\/tbody>\n<\/table>\n<h2>Recordatorio amable<\/h2>\n<p>Por favor, proporci\u00f3nenos la siguiente informaci\u00f3n al enviar su consulta. Con base en su mensaje, le sugeriremos la mejor soluci\u00f3n. Gracias.<\/p>\n<ul role=\"tablist\">\n<li style=\"list-style-type: none;\">\n<ol>\n<li>Dimensiones de la bolsa<\/li>\n<li>Peso por bolsa<\/li>\n<li>Su producto<\/li>\n<li>Forma de la bolsa<\/li>\n<li>Material de pel\u00edcula<\/li>\n<\/ol>\n<\/li>\n<\/ul>\n<div class=\"wd-accordion-item\">\n<div id=\"tab-technical-details\" class=\"entry-content woocommerce-Tabs-panel woocommerce-Tabs-panel--technical-details panel wc-tab\" role=\"tabpanel\" aria-labelledby=\"tab-title-technical-details\" data-accordion-index=\"technical-details\">\n<div class=\"wc-tab-inner\">\n<p>&nbsp;<\/p>\n<\/div>\n<\/div>\n<\/div>","protected":false},"excerpt":{"rendered":"<p>Multi-head Scale Packing Machine\/VFFS Packing Machine The machine completes the whole procedure of feeding,measuring, bagging,date printing,charging(exhausting),finished product outputting automatically. High<\/p>","protected":false},"featured_media":941,"template":"","meta":{"_seopress_robots_primary_cat":"","_seopress_titles_title":"Multi Head Scale Packing Machine | JH Pack %%sep%% %%sitetitle%%","_seopress_titles_desc":"Multi head scale packing machine for VFFS.","_seopress_robots_index":""},"product_brand":[],"product_cat":[20,26,21],"product_tag":[133,134,135,136,137,67,138,101,147,123,126,127,132],"class_list":{"0":"post-940","1":"product","2":"type-product","3":"status-publish","4":"has-post-thumbnail","6":"product_cat-vffs-packing-machines","7":"product_cat-powder-packing-machine","8":"product_cat-pre-made-pouch-packing-machines","9":"product_tag-auger-filler","10":"product_tag-dairy-industry","11":"product_tag-chemical-packaging","12":"product_tag-automated-fillin","13":"product_tag-non-flowing-powder","14":"product_tag-powder-packaging","15":"product_tag-industrial-packaging","16":"product_tag-efficient-packaging","17":"product_tag-multihead-sacle-packing","18":"product_tag-vffs-packing-machine","19":"product_tag-plc-control","20":"product_tag-servo-driven","21":"product_tag-vffs-powder-packing","23":"first","24":"instock","25":"shipping-taxable","26":"product-type-simple"},"_links":{"self":[{"href":"https:\/\/jinghai-packingmachine.com\/es\/wp-json\/wp\/v2\/product\/940","targetHints":{"allow":["GET"]}}],"collection":[{"href":"https:\/\/jinghai-packingmachine.com\/es\/wp-json\/wp\/v2\/product"}],"about":[{"href":"https:\/\/jinghai-packingmachine.com\/es\/wp-json\/wp\/v2\/types\/product"}],"version-history":[{"count":1,"href":"https:\/\/jinghai-packingmachine.com\/es\/wp-json\/wp\/v2\/product\/940\/revisions"}],"predecessor-version":[{"id":942,"href":"https:\/\/jinghai-packingmachine.com\/es\/wp-json\/wp\/v2\/product\/940\/revisions\/942"}],"wp:featuredmedia":[{"embeddable":true,"href":"https:\/\/jinghai-packingmachine.com\/es\/wp-json\/wp\/v2\/media\/941"}],"wp:attachment":[{"href":"https:\/\/jinghai-packingmachine.com\/es\/wp-json\/wp\/v2\/media?parent=940"}],"wp:term":[{"taxonomy":"product_brand","embeddable":true,"href":"https:\/\/jinghai-packingmachine.com\/es\/wp-json\/wp\/v2\/product_brand?post=940"},{"taxonomy":"product_cat","embeddable":true,"href":"https:\/\/jinghai-packingmachine.com\/es\/wp-json\/wp\/v2\/product_cat?post=940"},{"taxonomy":"product_tag","embeddable":true,"href":"https:\/\/jinghai-packingmachine.com\/es\/wp-json\/wp\/v2\/product_tag?post=940"}],"curies":[{"name":"wp","href":"https:\/\/api.w.org\/{rel}","templated":true}]}}