{"id":943,"date":"2025-03-26T08:41:31","date_gmt":"2025-03-26T08:41:31","guid":{"rendered":"https:\/\/jinghai-packingmachine.com\/?post_type=product&#038;p=943"},"modified":"2026-03-29T22:12:10","modified_gmt":"2026-03-29T14:12:10","slug":"vegetable-packing-machine-vffs-packing-machine","status":"publish","type":"product","link":"https:\/\/jinghai-packingmachine.com\/es\/product\/vegetable-packing-machine-vffs-packing-machine\/","title":{"rendered":"M\u00e1quina envasadora de verduras\/M\u00e1quina envasadora VFFS"},"content":{"rendered":"<h2>M\u00e1quina envasadora de verduras\/M\u00e1quina envasadora VFFS<\/h2>\n<p>Esta m\u00e1quina es adecuada para envasar verduras, fideos, brotes de soja, patatas, gambas, fideos de arroz, fideos de patata y accesorios de ferreter\u00eda.<\/p>\n<h2>Caracter\u00edsticas<\/h2>\n<ol>\n<li>La alimentaci\u00f3n en pendiente se puede elevar f\u00e1cilmente con material granular grande y en tiras, y la velocidad de elevaci\u00f3n es r\u00e1pida.<\/li>\n<li>Se utiliza para medir productos irregulares como tiras, l\u00e1minas, etc.<\/li>\n<li>Gracias a su robusta estructura de bloqueo en fila, los productos que no cumplen con los est\u00e1ndares se descartan directamente.<\/li>\n<li>El conjunto completo de la m\u00e1quina se caracteriza por un precio justo y un rendimiento estable.<\/li>\n<\/ol>\n<h2>Opciones de personalizaci\u00f3n<\/h2>\n<p>La m\u00e1quina se puede personalizar con varias opciones para mejorar su funcionalidad, entre las que se incluyen:<\/p>\n<ul>\n<li>Lavado con gas nitr\u00f3geno<\/li>\n<li>Mordazas de sellado de polietileno<\/li>\n<li>Eliminador de est\u00e1tica<\/li>\n<li>Formaci\u00f3n de tubos de escape<\/li>\n<li>Perforadora\/perforadora de mango<\/li>\n<li>Impresora de transferencia t\u00e9rmica o l\u00e1ser<\/li>\n<li>Muesca de desgarro<\/li>\n<li>Vibrador de tolva<\/li>\n<li>Cinta transportadora indexadora<\/li>\n<\/ul>\n<h2>Recordatorio amable<\/h2>\n<p>Por favor, proporci\u00f3nenos la siguiente informaci\u00f3n al enviar su consulta. Con base en su mensaje, le sugeriremos la mejor soluci\u00f3n. Gracias.<\/p>\n<ul role=\"tablist\">\n<li style=\"list-style-type: none;\">\n<ol>\n<li>Dimensiones de la bolsa<\/li>\n<li>Peso por bolsa<\/li>\n<li>Su producto<\/li>\n<li>Forma de la bolsa<\/li>\n<li>Material de pel\u00edcula<\/li>\n<\/ol>\n<\/li>\n<\/ul>\n<div class=\"wd-accordion-item\">\n<div id=\"tab-technical-details\" class=\"entry-content woocommerce-Tabs-panel woocommerce-Tabs-panel--technical-details panel wc-tab\" role=\"tabpanel\" aria-labelledby=\"tab-title-technical-details\" data-accordion-index=\"technical-details\">\n<div class=\"wc-tab-inner\">\n<p>&nbsp;<\/p>\n<\/div>\n<\/div>\n<\/div>","protected":false},"excerpt":{"rendered":"<p>Vegetable Packing Machine\/VFFS Packing Machine this machine is suitable for packing of vegetables, noodles, beans sprouts, potatoes, prawns, rice noodles,<\/p>","protected":false},"featured_media":944,"template":"","meta":{"_seopress_robots_primary_cat":"","_seopress_titles_title":"Vegetable Packing Machine VFFS | JH Pack %%sep%% %%sitetitle%%","_seopress_titles_desc":"Vegetable packing machine for vegetables, noodles, beans sprouts.","_seopress_robots_index":""},"product_brand":[],"product_cat":[24,20,23],"product_tag":[138,148,101,123,126,127,136],"class_list":{"0":"post-943","1":"product","2":"type-product","3":"status-publish","4":"has-post-thumbnail","6":"product_cat-granule-packing-machine","7":"product_cat-vffs-packing-machines","8":"product_cat-options-accessories","9":"product_tag-industrial-packaging","10":"product_tag-vegetable-packing-machine","11":"product_tag-efficient-packaging","12":"product_tag-vffs-packing-machine","13":"product_tag-plc-control","14":"product_tag-servo-driven","15":"product_tag-automated-fillin","17":"first","18":"instock","19":"featured","20":"shipping-taxable","21":"product-type-simple"},"_links":{"self":[{"href":"https:\/\/jinghai-packingmachine.com\/es\/wp-json\/wp\/v2\/product\/943","targetHints":{"allow":["GET"]}}],"collection":[{"href":"https:\/\/jinghai-packingmachine.com\/es\/wp-json\/wp\/v2\/product"}],"about":[{"href":"https:\/\/jinghai-packingmachine.com\/es\/wp-json\/wp\/v2\/types\/product"}],"version-history":[{"count":1,"href":"https:\/\/jinghai-packingmachine.com\/es\/wp-json\/wp\/v2\/product\/943\/revisions"}],"predecessor-version":[{"id":946,"href":"https:\/\/jinghai-packingmachine.com\/es\/wp-json\/wp\/v2\/product\/943\/revisions\/946"}],"wp:featuredmedia":[{"embeddable":true,"href":"https:\/\/jinghai-packingmachine.com\/es\/wp-json\/wp\/v2\/media\/944"}],"wp:attachment":[{"href":"https:\/\/jinghai-packingmachine.com\/es\/wp-json\/wp\/v2\/media?parent=943"}],"wp:term":[{"taxonomy":"product_brand","embeddable":true,"href":"https:\/\/jinghai-packingmachine.com\/es\/wp-json\/wp\/v2\/product_brand?post=943"},{"taxonomy":"product_cat","embeddable":true,"href":"https:\/\/jinghai-packingmachine.com\/es\/wp-json\/wp\/v2\/product_cat?post=943"},{"taxonomy":"product_tag","embeddable":true,"href":"https:\/\/jinghai-packingmachine.com\/es\/wp-json\/wp\/v2\/product_tag?post=943"}],"curies":[{"name":"wp","href":"https:\/\/api.w.org\/{rel}","templated":true}]}}