{"id":949,"date":"2025-03-26T08:57:16","date_gmt":"2025-03-26T08:57:16","guid":{"rendered":"https:\/\/jinghai-packingmachine.com\/?post_type=product&#038;p=949"},"modified":"2026-03-29T22:12:13","modified_gmt":"2026-03-29T14:12:13","slug":"multi-head-scale-packing-machine-vffs-packing-machine-2","status":"publish","type":"product","link":"https:\/\/jinghai-packingmachine.com\/es\/product\/multi-head-scale-packing-machine-vffs-packing-machine-2\/","title":{"rendered":"M\u00e1quina envasadora a escala multicabezal\/M\u00e1quina envasadora VFFS"},"content":{"rendered":"<h2>M\u00e1quina envasadora a escala multicabezal\/M\u00e1quina envasadora VFFS<\/h2>\n<p>Esta m\u00e1quina es adecuada para envasar verduras, fideos, brotes de soja, patatas, gambas, fideos de arroz, fideos de patata y accesorios de ferreter\u00eda.<\/p>\n<h2>Caracter\u00edsticas<\/h2>\n<ol>\n<li>La m\u00e1quina completa autom\u00e1ticamente todo el proceso de alimentaci\u00f3n, medici\u00f3n, embolsado, impresi\u00f3n de la fecha, carga (vaciado) y salida del producto terminado.<\/li>\n<li>El sistema de elevaci\u00f3n secundario se adopta para solucionar el problema de la altura limitada del edificio de la f\u00e1brica, y es adecuado para f\u00e1bricas con una altura inferior a 3 metros.<\/li>\n<li>Adecuado para el envasado en bolsas grandes de productos en tiras y de forma irregular.<\/li>\n<\/ol>\n<h2>Opciones de personalizaci\u00f3n<\/h2>\n<p>La m\u00e1quina se puede personalizar con varias opciones para mejorar su funcionalidad, entre las que se incluyen:<\/p>\n<ul>\n<li>Lavado con gas nitr\u00f3geno<\/li>\n<li>Mordazas de sellado de polietileno<\/li>\n<li>Eliminador de est\u00e1tica<\/li>\n<li>Formaci\u00f3n de tubos de escape<\/li>\n<li>Perforadora\/perforadora de mango<\/li>\n<li>Impresora de transferencia t\u00e9rmica o l\u00e1ser<\/li>\n<li>Muesca de desgarro<\/li>\n<li>Vibrador de tolva<\/li>\n<li>Coleccionista de bolsas Lazy Susan<\/li>\n<li>Ensamblaje de fondo de bloque\/refuerzo lateral<\/li>\n<li>Dispositivo para mantener la bolsa de pie, para conectar en la parte inferior de la bolsa.<\/li>\n<\/ul>\n<h2>Recordatorio amable<\/h2>\n<p>Por favor, proporci\u00f3nenos la siguiente informaci\u00f3n al enviar su consulta. Con base en su mensaje, le sugeriremos la mejor soluci\u00f3n. Gracias.<\/p>\n<ul role=\"tablist\">\n<li style=\"list-style-type: none;\">\n<ol>\n<li>Dimensiones de la bolsa<\/li>\n<li>Peso por bolsa<\/li>\n<li>Su producto<\/li>\n<li>Forma de la bolsa<\/li>\n<li>Material de pel\u00edcula<\/li>\n<\/ol>\n<\/li>\n<\/ul>\n<div class=\"wd-accordion-item\">\n<div id=\"tab-technical-details\" class=\"entry-content woocommerce-Tabs-panel woocommerce-Tabs-panel--technical-details panel wc-tab\" role=\"tabpanel\" aria-labelledby=\"tab-title-technical-details\" data-accordion-index=\"technical-details\"><\/div>\n<\/div>","protected":false},"excerpt":{"rendered":"<p>Multi-head Scale Packing Machine\/VFFS Packing Machine This machine is suitable for packing of vegetables, noodles, beans sprouts, potatoes, prawns, rice<\/p>","protected":false},"featured_media":950,"template":"","meta":{"_seopress_robots_primary_cat":"","_seopress_titles_title":"Multi Head Scale Packing Machine for Vegetables | JH Pack %%sep%% %%sitetitle%%","_seopress_titles_desc":"Multi head scale packing machine for vegetables, noodles, beans sprouts.","_seopress_robots_index":""},"product_brand":[],"product_cat":[18,20,23],"product_tag":[147,148,101,123,126,127,136,138],"class_list":{"0":"post-949","1":"product","2":"type-product","3":"status-publish","4":"has-post-thumbnail","6":"product_cat-high-speed-vertical-packing-machine","7":"product_cat-vffs-packing-machines","8":"product_cat-options-accessories","9":"product_tag-multihead-sacle-packing","10":"product_tag-vegetable-packing-machine","11":"product_tag-efficient-packaging","12":"product_tag-vffs-packing-machine","13":"product_tag-plc-control","14":"product_tag-servo-driven","15":"product_tag-automated-fillin","16":"product_tag-industrial-packaging","18":"first","19":"instock","20":"shipping-taxable","21":"product-type-simple"},"_links":{"self":[{"href":"https:\/\/jinghai-packingmachine.com\/es\/wp-json\/wp\/v2\/product\/949","targetHints":{"allow":["GET"]}}],"collection":[{"href":"https:\/\/jinghai-packingmachine.com\/es\/wp-json\/wp\/v2\/product"}],"about":[{"href":"https:\/\/jinghai-packingmachine.com\/es\/wp-json\/wp\/v2\/types\/product"}],"version-history":[{"count":1,"href":"https:\/\/jinghai-packingmachine.com\/es\/wp-json\/wp\/v2\/product\/949\/revisions"}],"predecessor-version":[{"id":951,"href":"https:\/\/jinghai-packingmachine.com\/es\/wp-json\/wp\/v2\/product\/949\/revisions\/951"}],"wp:featuredmedia":[{"embeddable":true,"href":"https:\/\/jinghai-packingmachine.com\/es\/wp-json\/wp\/v2\/media\/950"}],"wp:attachment":[{"href":"https:\/\/jinghai-packingmachine.com\/es\/wp-json\/wp\/v2\/media?parent=949"}],"wp:term":[{"taxonomy":"product_brand","embeddable":true,"href":"https:\/\/jinghai-packingmachine.com\/es\/wp-json\/wp\/v2\/product_brand?post=949"},{"taxonomy":"product_cat","embeddable":true,"href":"https:\/\/jinghai-packingmachine.com\/es\/wp-json\/wp\/v2\/product_cat?post=949"},{"taxonomy":"product_tag","embeddable":true,"href":"https:\/\/jinghai-packingmachine.com\/es\/wp-json\/wp\/v2\/product_tag?post=949"}],"curies":[{"name":"wp","href":"https:\/\/api.w.org\/{rel}","templated":true}]}}