{"id":952,"date":"2025-03-26T09:07:54","date_gmt":"2025-03-26T09:07:54","guid":{"rendered":"https:\/\/jinghai-packingmachine.com\/?post_type=product&#038;p=952"},"modified":"2026-03-29T22:12:26","modified_gmt":"2026-03-29T14:12:26","slug":"vffs-biscuit-packing-machine-snacks-packing-machine","status":"publish","type":"product","link":"https:\/\/jinghai-packingmachine.com\/es\/product\/vffs-biscuit-packing-machine-snacks-packing-machine\/","title":{"rendered":"M\u00e1quina envasadora de galletas y snacks VFFS"},"content":{"rendered":"<h2>M\u00e1quina envasadora de galletas y snacks VFFS<\/h2>\n<p>Adecuado para manipular productos granulados, como galletas, pasta seca, granos de caf\u00e9, fruta deshidratada, aperitivos y productos congelados. Tambi\u00e9n para manipular productos no alimenticios, como tornillos y tuercas peque\u00f1os, piezas el\u00e9ctricas e hidr\u00e1ulicas y piezas peque\u00f1as de metal y pl\u00e1stico.<\/p>\n<h2>Caracter\u00edsticas<\/h2>\n<ol>\n<li>M\u00e9todo muy rentable para introducir el producto desde una pesadora multicabezal en una m\u00e1quina ensacadora VFFS sin comprometer la velocidad ni la precisi\u00f3n.<\/li>\n<li>Ocupa poco espacio y tiene un nivel muy bajo para una combinaci\u00f3n de cabezales m\u00faltiples y ensacadora de 3 m de altura.<\/li>\n<li>Cumple con todos los requisitos de alta velocidad, m\u00e1xima precisi\u00f3n, versatilidad, f\u00e1cil limpieza y mantenimiento.<\/li>\n<\/ol>\n<h2>Opciones de personalizaci\u00f3n<\/h2>\n<p>La m\u00e1quina se puede personalizar con varias opciones para mejorar su funcionalidad, entre las que se incluyen:<\/p>\n<ul>\n<li>Lavado con gas nitr\u00f3geno<\/li>\n<li>Mordazas de sellado de polietileno<\/li>\n<li>Eliminador de est\u00e1tica<\/li>\n<li>Formaci\u00f3n de tubos de escape<\/li>\n<li>Perforadora\/perforadora de mango<\/li>\n<li>Impresora de transferencia t\u00e9rmica o l\u00e1ser<\/li>\n<li>Muesca de desgarro<\/li>\n<li>Vibrador de tolva<\/li>\n<li>Coleccionista de bolsas Lazy Susan<\/li>\n<li>Ensamblaje de fondo de bloque\/refuerzo lateral<\/li>\n<li>Dispositivo para mantener la bolsa de pie, para conectar en la parte inferior de la bolsa.<\/li>\n<\/ul>\n<h2>Recordatorio amable<\/h2>\n<p>Por favor, proporci\u00f3nenos la siguiente informaci\u00f3n al enviar su consulta. Con base en su mensaje, le sugeriremos la mejor soluci\u00f3n. Gracias.<\/p>\n<ul role=\"tablist\">\n<li style=\"list-style-type: none;\">\n<ol>\n<li>Dimensiones de la bolsa<\/li>\n<li>Peso por bolsa<\/li>\n<li>Su producto<\/li>\n<li>Forma de la bolsa<\/li>\n<li>Material de pel\u00edcula<\/li>\n<\/ol>\n<\/li>\n<\/ul>\n<div class=\"wd-accordion-item\">\n<div id=\"tab-technical-details\" class=\"entry-content woocommerce-Tabs-panel woocommerce-Tabs-panel--technical-details panel wc-tab\" role=\"tabpanel\" aria-labelledby=\"tab-title-technical-details\" data-accordion-index=\"technical-details\"><\/div>\n<\/div>","protected":false},"excerpt":{"rendered":"<p>VFFS Biscuit Packing Machine\/Snacks Packing Machine Suitable to handle granular products, such as: biscuits, dried short pasta, coffee grains, dried<\/p>","protected":false},"featured_media":953,"template":"","meta":{"_seopress_robots_primary_cat":"","_seopress_titles_title":"VFFS Biscuit Packing Machine | JH Pack %%sep%% %%sitetitle%%","_seopress_titles_desc":"VFFS biscuit and snacks packing machine for granular products.","_seopress_robots_index":""},"product_brand":[],"product_cat":[18,20,23],"product_tag":[138,147,149,150,151,101,152,123,125,126,127,136],"class_list":{"0":"post-952","1":"product","2":"type-product","3":"status-publish","4":"has-post-thumbnail","6":"product_cat-high-speed-vertical-packing-machine","7":"product_cat-vffs-packing-machines","8":"product_cat-options-accessories","9":"product_tag-industrial-packaging","10":"product_tag-multihead-sacle-packing","11":"product_tag-frozen-products","12":"product_tag-dried-fruits","13":"product_tag-electrical-and-hydraulic-parts","14":"product_tag-efficient-packaging","15":"product_tag-metal-parts-packaging","16":"product_tag-vffs-packing-machine","17":"product_tag-granular-products","18":"product_tag-plc-control","19":"product_tag-servo-driven","20":"product_tag-automated-fillin","22":"first","23":"instock","24":"shipping-taxable","25":"product-type-simple"},"_links":{"self":[{"href":"https:\/\/jinghai-packingmachine.com\/es\/wp-json\/wp\/v2\/product\/952","targetHints":{"allow":["GET"]}}],"collection":[{"href":"https:\/\/jinghai-packingmachine.com\/es\/wp-json\/wp\/v2\/product"}],"about":[{"href":"https:\/\/jinghai-packingmachine.com\/es\/wp-json\/wp\/v2\/types\/product"}],"version-history":[{"count":1,"href":"https:\/\/jinghai-packingmachine.com\/es\/wp-json\/wp\/v2\/product\/952\/revisions"}],"predecessor-version":[{"id":954,"href":"https:\/\/jinghai-packingmachine.com\/es\/wp-json\/wp\/v2\/product\/952\/revisions\/954"}],"wp:featuredmedia":[{"embeddable":true,"href":"https:\/\/jinghai-packingmachine.com\/es\/wp-json\/wp\/v2\/media\/953"}],"wp:attachment":[{"href":"https:\/\/jinghai-packingmachine.com\/es\/wp-json\/wp\/v2\/media?parent=952"}],"wp:term":[{"taxonomy":"product_brand","embeddable":true,"href":"https:\/\/jinghai-packingmachine.com\/es\/wp-json\/wp\/v2\/product_brand?post=952"},{"taxonomy":"product_cat","embeddable":true,"href":"https:\/\/jinghai-packingmachine.com\/es\/wp-json\/wp\/v2\/product_cat?post=952"},{"taxonomy":"product_tag","embeddable":true,"href":"https:\/\/jinghai-packingmachine.com\/es\/wp-json\/wp\/v2\/product_tag?post=952"}],"curies":[{"name":"wp","href":"https:\/\/api.w.org\/{rel}","templated":true}]}}