{"id":961,"date":"2025-03-26T09:31:37","date_gmt":"2025-03-26T09:31:37","guid":{"rendered":"https:\/\/jinghai-packingmachine.com\/?post_type=product&#038;p=961"},"modified":"2026-03-29T22:12:48","modified_gmt":"2026-03-29T14:12:48","slug":"hardware-packing-machine-counting-packing-machine","status":"publish","type":"product","link":"https:\/\/jinghai-packingmachine.com\/es\/product\/hardware-packing-machine-counting-packing-machine\/","title":{"rendered":"M\u00e1quina de embalaje de hardware\/M\u00e1quina de embalaje contadora"},"content":{"rendered":"<h2>M\u00e1quina de embalaje de hardware\/M\u00e1quina de embalaje contadora<\/h2>\n<p>Esta m\u00e1quina es adecuada para empaquetar tornillos, clavos, pernos, tuercas, arandelas, cojinetes, vidrio, piezas de pl\u00e1stico, sujetadores, herrajes, accesorios para muebles, accesorios para juguetes, autopartes, etc.<\/p>\n<h2>Caracter\u00edsticas<\/h2>\n<ol>\n<li>Mediante el conteo de masilla y la reinspecci\u00f3n por fibra \u00f3ptica o el conteo completo por fibra \u00f3ptica, resulta adecuado para el envasado mixto de 1 a 40 variedades de art\u00edculos.<\/li>\n<li>La combinaci\u00f3n perfecta del remolcador y la placa vibratoria; cada parte se puede controlar por separado.<\/li>\n<li>Alimentadores vibratorios con tanque de alimentaci\u00f3n autom\u00e1tica, aseg\u00farese de que los accesorios salgan uno por uno.<\/li>\n<li>Con funci\u00f3n de memoria para almacenar 99 conjuntos de par\u00e1metros, permite preconfigurar f\u00e1cilmente los par\u00e1metros para diferentes productos.<\/li>\n<\/ol>\n<h2>Opciones de personalizaci\u00f3n<\/h2>\n<p>La m\u00e1quina se puede personalizar con varias opciones para mejorar su funcionalidad, entre las que se incluyen:<\/p>\n<ul>\n<li>Dispositivo de medici\u00f3n de copa volum\u00e9trica<\/li>\n<li>Lavado con gas nitr\u00f3geno<\/li>\n<li>Mordazas de sellado de polietileno<\/li>\n<li>Eliminador de est\u00e1tica<\/li>\n<li>Formaci\u00f3n de tubos de escape<\/li>\n<li>Perforadora\/perforadora de mango<\/li>\n<li>Impresora de transferencia t\u00e9rmica o l\u00e1ser<\/li>\n<li>Muesca de desgarro<\/li>\n<li>Vibrador de tolva<\/li>\n<li>Transportador de producto terminado<\/li>\n<\/ul>\n<h2>Recordatorio amable<\/h2>\n<p>Por favor, proporci\u00f3nenos la siguiente informaci\u00f3n al enviar su consulta. Con base en su mensaje, le sugeriremos la mejor soluci\u00f3n. Gracias.<\/p>\n<ul role=\"tablist\">\n<li style=\"list-style-type: none;\">\n<ol>\n<li>Dimensiones de la bolsa<\/li>\n<li>Peso por bolsa<\/li>\n<li>Su producto<\/li>\n<li>Forma de la bolsa<\/li>\n<li>Material de pel\u00edcula<\/li>\n<\/ol>\n<\/li>\n<\/ul>\n<div class=\"wd-accordion-item\">\n<div id=\"tab-technical-details\" class=\"entry-content woocommerce-Tabs-panel woocommerce-Tabs-panel--technical-details panel wc-tab\" role=\"tabpanel\" aria-labelledby=\"tab-title-technical-details\" data-accordion-index=\"technical-details\"><\/div>\n<\/div>","protected":false},"excerpt":{"rendered":"<p>Hardware Packing Machine\/Counting Packing Machine This machine is suitable for packing screws, nails, bolts, nuts, washers, bearings, glass, plastic parts,<\/p>","protected":false},"featured_media":962,"template":"","meta":{"_seopress_robots_primary_cat":"","_seopress_titles_title":"Hardware Packing Machine | JH Pack %%sep%% %%sitetitle%%","_seopress_titles_desc":"Hardware packing machine for counting and packaging screws, nails, bolts.","_seopress_robots_index":""},"product_brand":[],"product_cat":[18,24,20,23],"product_tag":[127,136,138,152,155,159,101,123,125,126],"class_list":{"0":"post-961","1":"product","2":"type-product","3":"status-publish","4":"has-post-thumbnail","6":"product_cat-high-speed-vertical-packing-machine","7":"product_cat-granule-packing-machine","8":"product_cat-vffs-packing-machines","9":"product_cat-options-accessories","10":"product_tag-servo-driven","11":"product_tag-automated-fillin","12":"product_tag-industrial-packaging","13":"product_tag-metal-parts-packaging","14":"product_tag-volumetric-cup-packing-machine","15":"product_tag-hardware-packing-machine","16":"product_tag-efficient-packaging","17":"product_tag-vffs-packing-machine","18":"product_tag-granular-products","19":"product_tag-plc-control","21":"first","22":"instock","23":"featured","24":"shipping-taxable","25":"product-type-simple"},"_links":{"self":[{"href":"https:\/\/jinghai-packingmachine.com\/es\/wp-json\/wp\/v2\/product\/961","targetHints":{"allow":["GET"]}}],"collection":[{"href":"https:\/\/jinghai-packingmachine.com\/es\/wp-json\/wp\/v2\/product"}],"about":[{"href":"https:\/\/jinghai-packingmachine.com\/es\/wp-json\/wp\/v2\/types\/product"}],"version-history":[{"count":1,"href":"https:\/\/jinghai-packingmachine.com\/es\/wp-json\/wp\/v2\/product\/961\/revisions"}],"predecessor-version":[{"id":963,"href":"https:\/\/jinghai-packingmachine.com\/es\/wp-json\/wp\/v2\/product\/961\/revisions\/963"}],"wp:featuredmedia":[{"embeddable":true,"href":"https:\/\/jinghai-packingmachine.com\/es\/wp-json\/wp\/v2\/media\/962"}],"wp:attachment":[{"href":"https:\/\/jinghai-packingmachine.com\/es\/wp-json\/wp\/v2\/media?parent=961"}],"wp:term":[{"taxonomy":"product_brand","embeddable":true,"href":"https:\/\/jinghai-packingmachine.com\/es\/wp-json\/wp\/v2\/product_brand?post=961"},{"taxonomy":"product_cat","embeddable":true,"href":"https:\/\/jinghai-packingmachine.com\/es\/wp-json\/wp\/v2\/product_cat?post=961"},{"taxonomy":"product_tag","embeddable":true,"href":"https:\/\/jinghai-packingmachine.com\/es\/wp-json\/wp\/v2\/product_tag?post=961"}],"curies":[{"name":"wp","href":"https:\/\/api.w.org\/{rel}","templated":true}]}}