{"id":964,"date":"2025-03-28T02:14:13","date_gmt":"2025-03-28T02:14:13","guid":{"rendered":"https:\/\/jinghai-packingmachine.com\/?post_type=product&#038;p=964"},"modified":"2026-03-29T22:13:03","modified_gmt":"2026-03-29T14:13:03","slug":"premade-pouch-granular-packing-machine-coffee-beans-packing-machine","status":"publish","type":"product","link":"https:\/\/jinghai-packingmachine.com\/es\/product\/premade-pouch-granular-packing-machine-coffee-beans-packing-machine\/","title":{"rendered":"M\u00e1quina envasadora de granos de caf\u00e9 en bolsas prefabricadas"},"content":{"rendered":"<h2>M\u00e1quina de envasado de gr\u00e1nulos en bolsas prefabricadas<\/h2>\n<p>Esta m\u00e1quina es adecuada para envasar una variedad de productos, incluyendo caramelos, semillas de mel\u00f3n, gelatina, alimentos congelados, pistachos, comida para mascotas, frutos secos, almendras, pasas, aperitivos inflados, granos de caf\u00e9, pasta y otros materiales granulados, en escamas, en forma de tiras, redondos y de forma irregular.<\/p>\n<h2>Caracter\u00edstica<\/h2>\n<ol>\n<li>Amplia gama de bolsas de embalaje, aptas para la prefabricaci\u00f3n de bolsas de pl\u00e1stico compuesto multicapa y bolsas de papel, con bajo nivel de residuos y buena calidad de sellado.<\/li>\n<li>El tama\u00f1o del embalaje es r\u00e1pido y sencillo; el ancho de la bolsa que proporciona el sistema autom\u00e1tico se ajusta f\u00e1cilmente con la manivela.<\/li>\n<li>Equipado con un dispositivo de control autom\u00e1tico, el dispositivo de llenado y el dispositivo de sellado no funcionan si no hay bolsa de embalaje o si la bolsa no est\u00e1 abierta, para evitar el desperdicio de bolsas y material de embalaje.<\/li>\n<li>Sistema de control de frecuencia, la velocidad de empaquetado se puede ajustar dentro del rango seg\u00fan la situaci\u00f3n real.<\/li>\n<\/ol>\n<h2>Par\u00e1metros t\u00e9cnicos<\/h2>\n<table style=\"height: 443px;\" width=\"784\">\n<tbody>\n<tr>\n<td width=\"324\">\n<p style=\"text-align: center;\"><strong>Tipo<\/strong><\/p>\n<\/td>\n<td style=\"text-align: center;\" width=\"324\"><strong>Especializado para s\u00f3lidos<\/strong><\/td>\n<td style=\"text-align: center;\" width=\"324\"><strong>Especializado para l\u00edquidos y l\u00edquidos espesos.<\/strong><\/td>\n<td style=\"text-align: center;\" width=\"324\"><strong>Especializado para polvo<\/strong><\/td>\n<\/tr>\n<tr>\n<td width=\"324\">\n<p style=\"text-align: center;\">Tipo bolsa<\/p>\n<\/td>\n<td colspan=\"3\" width=\"971\">\n<p style=\"text-align: center;\">Bolsa port\u00e1til, bolsa con soporte, bolsa con cremallera, bolsa con borde de 4 lados, bolsa con borde de 3 lados, bolsa de papel con tapa, etc.<\/p>\n<\/td>\n<\/tr>\n<tr>\n<td width=\"324\">\n<p style=\"text-align: center;\">Tama\u00f1o de la bolsa<\/p>\n<\/td>\n<td colspan=\"3\" width=\"971\">\n<p style=\"text-align: center;\">Ancho: 100-200 mm Largo: 100-300 mm<\/p>\n<\/td>\n<\/tr>\n<tr>\n<td width=\"324\">\n<p style=\"text-align: center;\">Rango de llenado<\/p>\n<\/td>\n<td colspan=\"3\" width=\"971\">\n<p style=\"text-align: center;\">5-1500 g<\/p>\n<\/td>\n<\/tr>\n<tr>\n<td width=\"324\">\n<p style=\"text-align: center;\">Velocidad de empaquetado<\/p>\n<\/td>\n<td colspan=\"3\" width=\"971\">\n<p style=\"text-align: center;\">Velocidad: 25-45 bolsas\/min (La velocidad depende del estado del producto y del peso de llenado).<\/p>\n<\/td>\n<\/tr>\n<tr>\n<td width=\"324\">\n<p style=\"text-align: center;\">Precisi\u00f3n del paquete<\/p>\n<\/td>\n<td colspan=\"3\" width=\"971\">\n<p style=\"text-align: center;\">Error \u2264 \u00b11<\/p>\n<\/td>\n<\/tr>\n<tr>\n<td style=\"text-align: center;\" width=\"324\">Potestades<\/td>\n<td style=\"text-align: center;\" width=\"324\">5 kW<\/td>\n<td style=\"text-align: center;\" width=\"324\">1,5 kW<\/td>\n<td width=\"324\">\n<p style=\"text-align: center;\">3,6 kW<\/p>\n<\/td>\n<\/tr>\n<\/tbody>\n<\/table>\n<h2>Recordatorio amable<\/h2>\n<p>Por favor, proporci\u00f3nenos la siguiente informaci\u00f3n al enviar su consulta. Con base en su mensaje, le sugeriremos la mejor soluci\u00f3n. Gracias.<\/p>\n<ul role=\"tablist\">\n<li style=\"list-style-type: none;\">\n<ol>\n<li>Dimensiones de la bolsa<\/li>\n<li>Peso por bolsa<\/li>\n<li>Su producto<\/li>\n<li>Forma de la bolsa<\/li>\n<li>Material de pel\u00edcula<\/li>\n<\/ol>\n<\/li>\n<\/ul>","protected":false},"excerpt":{"rendered":"<p>Premade Pouch Granular Packing Machine This machine is suitable for packaging a variety of products, including candy, melon seeds, jelly,<\/p>","protected":false},"featured_media":965,"template":"","meta":{"_seopress_robots_primary_cat":"","_seopress_titles_title":"Premade Pouch Granular Packing Machine | JH Pack %%sep%% %%sitetitle%%","_seopress_titles_desc":"Premade pouch granular packing machine for candy, medicine, coffee beans.","_seopress_robots_index":""},"product_brand":[],"product_cat":[33,34,35,21],"product_tag":[164,165,166,167,130,160,161,162,163],"class_list":{"0":"post-964","1":"product","2":"type-product","3":"status-publish","4":"has-post-thumbnail","6":"product_cat-granule-packing-machine-pre-made-pouch-packing-machines","7":"product_cat-liquid-packing-machine-pre-made-pouch-packing-machines","8":"product_cat-powder-packing-machine-pre-made-pouch-packing-machines","9":"product_cat-pre-made-pouch-packing-machines","10":"product_tag-packaging-solutions","11":"product_tag-automated-packing","12":"product_tag-quality-control","13":"product_tag-high-speed-machine","14":"product_tag-jinghai-packaging","15":"product_tag-pre-made-pouch","16":"product_tag-granular-packing-machine","17":"product_tag-coffee-beans-packing","18":"product_tag-flexible-packaging","20":"first","21":"instock","22":"shipping-taxable","23":"product-type-simple"},"_links":{"self":[{"href":"https:\/\/jinghai-packingmachine.com\/es\/wp-json\/wp\/v2\/product\/964","targetHints":{"allow":["GET"]}}],"collection":[{"href":"https:\/\/jinghai-packingmachine.com\/es\/wp-json\/wp\/v2\/product"}],"about":[{"href":"https:\/\/jinghai-packingmachine.com\/es\/wp-json\/wp\/v2\/types\/product"}],"version-history":[{"count":1,"href":"https:\/\/jinghai-packingmachine.com\/es\/wp-json\/wp\/v2\/product\/964\/revisions"}],"predecessor-version":[{"id":968,"href":"https:\/\/jinghai-packingmachine.com\/es\/wp-json\/wp\/v2\/product\/964\/revisions\/968"}],"wp:featuredmedia":[{"embeddable":true,"href":"https:\/\/jinghai-packingmachine.com\/es\/wp-json\/wp\/v2\/media\/965"}],"wp:attachment":[{"href":"https:\/\/jinghai-packingmachine.com\/es\/wp-json\/wp\/v2\/media?parent=964"}],"wp:term":[{"taxonomy":"product_brand","embeddable":true,"href":"https:\/\/jinghai-packingmachine.com\/es\/wp-json\/wp\/v2\/product_brand?post=964"},{"taxonomy":"product_cat","embeddable":true,"href":"https:\/\/jinghai-packingmachine.com\/es\/wp-json\/wp\/v2\/product_cat?post=964"},{"taxonomy":"product_tag","embeddable":true,"href":"https:\/\/jinghai-packingmachine.com\/es\/wp-json\/wp\/v2\/product_tag?post=964"}],"curies":[{"name":"wp","href":"https:\/\/api.w.org\/{rel}","templated":true}]}}