{"id":969,"date":"2025-03-28T02:46:25","date_gmt":"2025-03-28T02:46:25","guid":{"rendered":"https:\/\/jinghai-packingmachine.com\/?post_type=product&#038;p=969"},"modified":"2026-03-29T22:13:05","modified_gmt":"2026-03-29T14:13:05","slug":"premade-pouch-powder-packing-machine-ground-coffee-packing-machine","status":"publish","type":"product","link":"https:\/\/jinghai-packingmachine.com\/es\/product\/premade-pouch-powder-packing-machine-ground-coffee-packing-machine\/","title":{"rendered":"M\u00e1quina envasadora de polvo en bolsas prefabricadas \/ M\u00e1quina envasadora de caf\u00e9 molido"},"content":{"rendered":"<h2>M\u00e1quina de envasado de polvo en bolsas prefabricadas<\/h2>\n<div class=\"Message_messageTextContainer__w64Sc\">\n<div class=\"Message_selectableText__SQ8WH\">\n<div class=\"Markdown_markdownContainer__Tz3HQ\">\n<p>Esta m\u00e1quina es adecuada para envasar una variedad de productos en polvo, incluyendo caf\u00e9 molido, harina, especias, glutamato monos\u00f3dico, sal, glucosa, az\u00facar refinada, leche en polvo, detergente en polvo, pesticidas, fertilizantes, materias primas qu\u00edmicas y m\u00e1s.<\/p>\n<h2>Caracter\u00edsticas<\/h2>\n<ol>\n<li>Amplia gama de bolsas de embalaje, aptas para la prefabricaci\u00f3n de bolsas de pl\u00e1stico compuesto multicapa y bolsas de papel, con bajo nivel de residuos y buena calidad de sellado.<\/li>\n<li>El tama\u00f1o del embalaje es r\u00e1pido y sencillo; el ancho de la bolsa que proporciona el sistema autom\u00e1tico se ajusta f\u00e1cilmente con la manivela.<\/li>\n<li>Equipado con un dispositivo de control autom\u00e1tico, el dispositivo de llenado y el dispositivo de sellado no funcionan si no hay bolsa de embalaje o si la bolsa no est\u00e1 abierta, para evitar el desperdicio de bolsas y material de embalaje.<\/li>\n<li>Sistema de control de frecuencia, la velocidad de empaquetado se puede ajustar dentro del rango seg\u00fan la situaci\u00f3n real.<\/li>\n<\/ol>\n<h2>Detalles t\u00e9cnicos<\/h2>\n<table style=\"height: 472px;\" width=\"797\">\n<tbody>\n<tr>\n<td width=\"324\">\n<p style=\"text-align: center;\"><strong>Tipo<\/strong><\/p>\n<\/td>\n<td style=\"text-align: center;\" width=\"324\"><strong>Especializado para s\u00f3lidos<\/strong><\/td>\n<td style=\"text-align: center;\" width=\"324\"><strong>Especializado para l\u00edquidos y l\u00edquidos espesos.<\/strong><\/td>\n<td width=\"324\">\n<p style=\"text-align: center;\"><strong>Especializado para polvo<\/strong><\/p>\n<\/td>\n<\/tr>\n<tr>\n<td width=\"324\">\n<p style=\"text-align: center;\">Tipo bolsa<\/p>\n<\/td>\n<td colspan=\"3\" width=\"971\">\n<p style=\"text-align: center;\">Bolsa port\u00e1til, bolsa con soporte, bolsa con cremallera, bolsa con borde de 4 lados, bolsa con borde de 3 lados, bolsa de papel con tapa, etc.<\/p>\n<\/td>\n<\/tr>\n<tr>\n<td width=\"324\">\n<p style=\"text-align: center;\">Tama\u00f1o de la bolsa<\/p>\n<\/td>\n<td colspan=\"3\" width=\"971\">\n<p style=\"text-align: center;\">Ancho: 100-200 mm Largo: 100-300 mm<\/p>\n<\/td>\n<\/tr>\n<tr>\n<td width=\"324\">\n<p style=\"text-align: center;\">Rango de llenado<\/p>\n<\/td>\n<td colspan=\"3\" width=\"971\">\n<p style=\"text-align: center;\">5-1500 g<\/p>\n<\/td>\n<\/tr>\n<tr>\n<td width=\"324\">\n<p style=\"text-align: center;\">Velocidad de empaquetado<\/p>\n<\/td>\n<td colspan=\"3\" width=\"971\">\n<p style=\"text-align: center;\">Velocidad: 25-45 bolsas\/min (La velocidad depende del estado del producto y del peso de llenado).<\/p>\n<\/td>\n<\/tr>\n<tr>\n<td width=\"324\">\n<p style=\"text-align: center;\">Precisi\u00f3n del paquete<\/p>\n<\/td>\n<td colspan=\"3\" width=\"971\">\n<p style=\"text-align: center;\">Error \u2264 \u00b11<\/p>\n<\/td>\n<\/tr>\n<tr>\n<td width=\"324\">\n<p style=\"text-align: center;\">Potestades<\/p>\n<\/td>\n<td style=\"text-align: center;\" width=\"324\">5 kW<\/td>\n<td style=\"text-align: center;\" width=\"324\">1,5 kW<\/td>\n<td width=\"324\">\n<p style=\"text-align: center;\">3,6 kW<\/p>\n<\/td>\n<\/tr>\n<\/tbody>\n<\/table>\n<\/div>\n<\/div>\n<\/div>\n<h2>Recordatorio amable<\/h2>\n<p>Por favor, proporci\u00f3nenos la siguiente informaci\u00f3n al enviar su consulta. Con base en su mensaje, le sugeriremos la mejor soluci\u00f3n. Gracias.<\/p>\n<ul role=\"tablist\">\n<li style=\"list-style-type: none;\">\n<ol>\n<li>Dimensiones de la bolsa<\/li>\n<li>Peso por bolsa<\/li>\n<li>Su producto<\/li>\n<li>Forma de la bolsa<\/li>\n<li>Material de pel\u00edcula<\/li>\n<\/ol>\n<\/li>\n<\/ul>","protected":false},"excerpt":{"rendered":"<p>Premade Pouch Powder Packing Machine This machine is suitable for packaging a variety of powder products, including ground coffee, flour,<\/p>","protected":false},"featured_media":971,"template":"","meta":{"_seopress_robots_primary_cat":"","_seopress_titles_title":"Premade Pouch Powder Packing Machine | JH Pack %%sep%% %%sitetitle%%","_seopress_titles_desc":"Premade pouch powder packing machine for ground coffee, flour, spices.","_seopress_robots_index":""},"product_brand":[],"product_cat":[33,35,21],"product_tag":[169,170,171,172,173,67,121,126,160,165,168],"class_list":{"0":"post-969","1":"product","2":"type-product","3":"status-publish","4":"has-post-thumbnail","6":"product_cat-granule-packing-machine-pre-made-pouch-packing-machines","7":"product_cat-powder-packing-machine-pre-made-pouch-packing-machines","8":"product_cat-pre-made-pouch-packing-machines","9":"product_tag-efficient-packing","10":"product_tag-high-speed-packing","11":"product_tag-quality-packing","12":"product_tag-jinghai-packing-machine","13":"product_tag-powder-product","14":"product_tag-powder-packaging","15":"product_tag-smart-equipment","16":"product_tag-plc-control","17":"product_tag-pre-made-pouch","18":"product_tag-automated-packing","19":"product_tag-ground-coffee-packing","21":"first","22":"instock","23":"shipping-taxable","24":"product-type-simple"},"_links":{"self":[{"href":"https:\/\/jinghai-packingmachine.com\/es\/wp-json\/wp\/v2\/product\/969","targetHints":{"allow":["GET"]}}],"collection":[{"href":"https:\/\/jinghai-packingmachine.com\/es\/wp-json\/wp\/v2\/product"}],"about":[{"href":"https:\/\/jinghai-packingmachine.com\/es\/wp-json\/wp\/v2\/types\/product"}],"version-history":[{"count":1,"href":"https:\/\/jinghai-packingmachine.com\/es\/wp-json\/wp\/v2\/product\/969\/revisions"}],"predecessor-version":[{"id":974,"href":"https:\/\/jinghai-packingmachine.com\/es\/wp-json\/wp\/v2\/product\/969\/revisions\/974"}],"wp:featuredmedia":[{"embeddable":true,"href":"https:\/\/jinghai-packingmachine.com\/es\/wp-json\/wp\/v2\/media\/971"}],"wp:attachment":[{"href":"https:\/\/jinghai-packingmachine.com\/es\/wp-json\/wp\/v2\/media?parent=969"}],"wp:term":[{"taxonomy":"product_brand","embeddable":true,"href":"https:\/\/jinghai-packingmachine.com\/es\/wp-json\/wp\/v2\/product_brand?post=969"},{"taxonomy":"product_cat","embeddable":true,"href":"https:\/\/jinghai-packingmachine.com\/es\/wp-json\/wp\/v2\/product_cat?post=969"},{"taxonomy":"product_tag","embeddable":true,"href":"https:\/\/jinghai-packingmachine.com\/es\/wp-json\/wp\/v2\/product_tag?post=969"}],"curies":[{"name":"wp","href":"https:\/\/api.w.org\/{rel}","templated":true}]}}