{"id":981,"date":"2025-03-28T04:10:44","date_gmt":"2025-03-28T04:10:44","guid":{"rendered":"https:\/\/jinghai-packingmachine.com\/?post_type=product&#038;p=981"},"modified":"2026-03-29T22:13:22","modified_gmt":"2026-03-29T14:13:22","slug":"vacuum-premade-pouch-packing-machine-ready-food-packing-machine","status":"publish","type":"product","link":"https:\/\/jinghai-packingmachine.com\/es\/product\/vacuum-premade-pouch-packing-machine-ready-food-packing-machine\/","title":{"rendered":"M\u00e1quina envasadora de bolsas prefabricadas al vac\u00edo \/ M\u00e1quina envasadora de alimentos listos para usar"},"content":{"rendered":"<h2>M\u00e1quina de envasado al vac\u00edo de bolsas prefabricadas<\/h2>\n<ol>\n<li>La m\u00e1quina de envasado al vac\u00edo ofrece un proceso de envasado totalmente autom\u00e1tico que incluye el llenado del producto, la recogida de la bolsa, la apertura de la bolsa, el sellado al vac\u00edo y el paso final de transporte de los paquetes terminados.<\/li>\n<li>Permite realizar ajustes r\u00e1pidos y sencillos al tama\u00f1o del embalaje; el ancho del dispositivo autom\u00e1tico de alimentaci\u00f3n de bolsas se puede modificar f\u00e1cilmente mediante una manivela.<\/li>\n<li>La m\u00e1quina est\u00e1 equipada con un dispositivo de control que garantiza que los mecanismos de llenado y sellado no funcionen si no hay ninguna bolsa presente o si la bolsa no est\u00e1 abierta correctamente, evitando as\u00ed el desperdicio de material de embalaje.<\/li>\n<\/ol>\n<h2>Par\u00e1metros t\u00e9cnicos<\/h2>\n<table style=\"height: 511px;\" width=\"923\">\n<tbody>\n<tr>\n<td width=\"19%\">\n<p style=\"text-align: center;\"><strong>Modelo<\/strong><\/p>\n<\/td>\n<td style=\"text-align: center;\" width=\"16%\"><strong>JR-G100A<\/strong><\/td>\n<td style=\"text-align: center;\" width=\"16%\"><strong>JR-G100B<\/strong><\/td>\n<td style=\"text-align: center;\" width=\"16%\"><strong>JR-G130<\/strong><\/td>\n<td style=\"text-align: center;\" width=\"16%\"><strong>JR-G1060<\/strong><\/td>\n<td width=\"16%\">\n<p style=\"text-align: center;\"><strong>JR-G240<\/strong><\/p>\n<\/td>\n<\/tr>\n<tr>\n<td width=\"19%\">\n<p style=\"text-align: center;\"><strong>Ancho de la bolsa (mm)<\/strong><\/p>\n<\/td>\n<td style=\"text-align: center;\" width=\"16%\">55-100<\/td>\n<td style=\"text-align: center;\" width=\"16%\">55-110<\/td>\n<td style=\"text-align: center;\" width=\"16%\">55-130<\/td>\n<td style=\"text-align: center;\" width=\"16%\">80-160<\/td>\n<td width=\"16%\">\n<p style=\"text-align: center;\">55-110<\/p>\n<\/td>\n<\/tr>\n<tr>\n<td width=\"19%\">\n<p style=\"text-align: center;\"><strong>Longitud de la bolsa (mm)<\/strong><\/p>\n<\/td>\n<td style=\"text-align: center;\" width=\"16%\">80-190<\/td>\n<td style=\"text-align: center;\" width=\"16%\">80-190<\/td>\n<td style=\"text-align: center;\" width=\"16%\">80-180<\/td>\n<td style=\"text-align: center;\" width=\"16%\">80-240<\/td>\n<td width=\"16%\">\n<p style=\"text-align: center;\">80-190<\/p>\n<\/td>\n<\/tr>\n<tr>\n<td width=\"19%\">\n<p style=\"text-align: center;\"><strong>Llenado m\u00e1ximo<\/strong><\/p>\n<\/td>\n<td style=\"text-align: center;\" width=\"16%\">1000 g<\/td>\n<td style=\"text-align: center;\" width=\"16%\">1000 g<\/td>\n<td style=\"text-align: center;\" width=\"16%\">1000 g<\/td>\n<td style=\"text-align: center;\" width=\"16%\">2000 g<\/td>\n<td width=\"16%\">\n<p style=\"text-align: center;\">2000 g<\/p>\n<\/td>\n<\/tr>\n<tr>\n<td width=\"19%\">\n<p style=\"text-align: center;\"><strong>Velocidad (bolsas\/min)<\/strong><\/p>\n<\/td>\n<td style=\"text-align: center;\" width=\"16%\">50-85<\/td>\n<td style=\"text-align: center;\" width=\"16%\">90-120<\/td>\n<td style=\"text-align: center;\" width=\"16%\">40-70<\/td>\n<td style=\"text-align: center;\" width=\"16%\">40-55<\/td>\n<td width=\"16%\">\n<p style=\"text-align: center;\">90-120<\/p>\n<\/td>\n<\/tr>\n<tr>\n<td width=\"19%\">\n<p style=\"text-align: center;\"><strong>Fuerza<\/strong><\/p>\n<\/td>\n<td style=\"text-align: center;\" width=\"16%\">5 kW<\/td>\n<td style=\"text-align: center;\" width=\"16%\">5 kW<\/td>\n<td style=\"text-align: center;\" width=\"16%\">5 kW<\/td>\n<td style=\"text-align: center;\" width=\"16%\">5 kW<\/td>\n<td width=\"16%\">\n<p style=\"text-align: center;\">5 kW<\/p>\n<\/td>\n<\/tr>\n<tr>\n<td width=\"19%\">\n<p style=\"text-align: center;\"><strong>Dimensiones (L*An*Al)<\/strong><\/p>\n<\/td>\n<td style=\"text-align: center;\" width=\"16%\">2750*1480*1600<\/td>\n<td style=\"text-align: center;\" width=\"16%\">2900*1480*1600<\/td>\n<td style=\"text-align: center;\" width=\"16%\">2100*1400*1700<\/td>\n<td style=\"text-align: center;\" width=\"16%\">2500*1550*1600<\/td>\n<td width=\"16%\">\n<p style=\"text-align: center;\">2900*1480*1600<\/p>\n<\/td>\n<\/tr>\n<tr>\n<td width=\"19%\">\n<p style=\"text-align: center;\"><strong>Peso<\/strong><\/p>\n<\/td>\n<td style=\"text-align: center;\" width=\"16%\">2500 kg<\/td>\n<td style=\"text-align: center;\" width=\"16%\">2800 kg<\/td>\n<td style=\"text-align: center;\" width=\"16%\">2500 kg<\/td>\n<td style=\"text-align: center;\" width=\"16%\">2200 kg<\/td>\n<td width=\"16%\">\n<p style=\"text-align: center;\">3000 kg<\/p>\n<\/td>\n<\/tr>\n<\/tbody>\n<\/table>\n<h2>Recordatorio amable<\/h2>\n<p>Por favor, proporci\u00f3nenos la siguiente informaci\u00f3n al enviar su consulta. Con base en su mensaje, le sugeriremos la mejor soluci\u00f3n. Gracias.<\/p>\n<ul role=\"tablist\">\n<li style=\"list-style-type: none;\">\n<ol>\n<li>Dimensiones de la bolsa<\/li>\n<li>Peso por bolsa<\/li>\n<li>Su producto<\/li>\n<li>Forma de la bolsa<\/li>\n<li>Material de pel\u00edcula<\/li>\n<\/ol>\n<\/li>\n<\/ul>","protected":false},"excerpt":{"rendered":"<p>Vacuum Premade Pouch Packing Machine The vacuum packing machine offers a fully automatic packaging process that includes product filling, bag<\/p>","protected":false},"featured_media":982,"template":"","meta":{"_seopress_robots_primary_cat":"","_seopress_titles_title":"Vacuum Premade Pouch Packing Machine | JH Pack %%sep%% %%sitetitle%%","_seopress_titles_desc":"Vacuum premade pouch packing machine for ready food.","_seopress_robots_index":""},"product_brand":[],"product_cat":[33,34,35,21],"product_tag":[166,175,176,177,178,179,68,180,101,160,163,165],"class_list":{"0":"post-981","1":"product","2":"type-product","3":"status-publish","4":"has-post-thumbnail","6":"product_cat-granule-packing-machine-pre-made-pouch-packing-machines","7":"product_cat-liquid-packing-machine-pre-made-pouch-packing-machines","8":"product_cat-powder-packing-machine-pre-made-pouch-packing-machines","9":"product_cat-pre-made-pouch-packing-machines","10":"product_tag-quality-control","11":"product_tag-vacuum-packing","12":"product_tag-ready-food-packing","13":"product_tag-sealing-machine","14":"product_tag-hygienic-packaging","15":"product_tag-food-safety","16":"product_tag-user-friendly","17":"product_tag-packaging-technology","18":"product_tag-efficient-packaging","19":"product_tag-pre-made-pouch","20":"product_tag-flexible-packaging","21":"product_tag-automated-packing","23":"first","24":"instock","25":"shipping-taxable","26":"product-type-simple"},"_links":{"self":[{"href":"https:\/\/jinghai-packingmachine.com\/es\/wp-json\/wp\/v2\/product\/981","targetHints":{"allow":["GET"]}}],"collection":[{"href":"https:\/\/jinghai-packingmachine.com\/es\/wp-json\/wp\/v2\/product"}],"about":[{"href":"https:\/\/jinghai-packingmachine.com\/es\/wp-json\/wp\/v2\/types\/product"}],"version-history":[{"count":2,"href":"https:\/\/jinghai-packingmachine.com\/es\/wp-json\/wp\/v2\/product\/981\/revisions"}],"predecessor-version":[{"id":987,"href":"https:\/\/jinghai-packingmachine.com\/es\/wp-json\/wp\/v2\/product\/981\/revisions\/987"}],"wp:featuredmedia":[{"embeddable":true,"href":"https:\/\/jinghai-packingmachine.com\/es\/wp-json\/wp\/v2\/media\/982"}],"wp:attachment":[{"href":"https:\/\/jinghai-packingmachine.com\/es\/wp-json\/wp\/v2\/media?parent=981"}],"wp:term":[{"taxonomy":"product_brand","embeddable":true,"href":"https:\/\/jinghai-packingmachine.com\/es\/wp-json\/wp\/v2\/product_brand?post=981"},{"taxonomy":"product_cat","embeddable":true,"href":"https:\/\/jinghai-packingmachine.com\/es\/wp-json\/wp\/v2\/product_cat?post=981"},{"taxonomy":"product_tag","embeddable":true,"href":"https:\/\/jinghai-packingmachine.com\/es\/wp-json\/wp\/v2\/product_tag?post=981"}],"curies":[{"name":"wp","href":"https:\/\/api.w.org\/{rel}","templated":true}]}}